{"id":22019,"date":"2023-05-09T14:14:19","date_gmt":"2023-05-09T13:14:19","guid":{"rendered":"http:\/\/projektwitryny.pl\/awprojekt\/?page_id=22019"},"modified":"2023-05-09T14:26:49","modified_gmt":"2023-05-09T13:26:49","slug":"wycena-pozycjonowania","status":"publish","type":"page","link":"http:\/\/projektwitryny.pl\/awprojekt\/wycena-pozycjonowania\/","title":{"rendered":"Wycena pozycjonowania"},"content":{"rendered":"\t\t<div data-elementor-type=\"wp-page\" data-elementor-id=\"22019\" class=\"elementor elementor-22019\" data-elementor-settings=\"{&quot;element_pack_global_tooltip_width&quot;:{&quot;unit&quot;:&quot;px&quot;,&quot;size&quot;:&quot;&quot;,&quot;sizes&quot;:[]},&quot;element_pack_global_tooltip_width_tablet&quot;:{&quot;unit&quot;:&quot;px&quot;,&quot;size&quot;:&quot;&quot;,&quot;sizes&quot;:[]},&quot;element_pack_global_tooltip_width_mobile&quot;:{&quot;unit&quot;:&quot;px&quot;,&quot;size&quot;:&quot;&quot;,&quot;sizes&quot;:[]},&quot;element_pack_global_tooltip_padding&quot;:{&quot;unit&quot;:&quot;px&quot;,&quot;top&quot;:&quot;&quot;,&quot;right&quot;:&quot;&quot;,&quot;bottom&quot;:&quot;&quot;,&quot;left&quot;:&quot;&quot;,&quot;isLinked&quot;:true},&quot;element_pack_global_tooltip_padding_tablet&quot;:{&quot;unit&quot;:&quot;px&quot;,&quot;top&quot;:&quot;&quot;,&quot;right&quot;:&quot;&quot;,&quot;bottom&quot;:&quot;&quot;,&quot;left&quot;:&quot;&quot;,&quot;isLinked&quot;:true},&quot;element_pack_global_tooltip_padding_mobile&quot;:{&quot;unit&quot;:&quot;px&quot;,&quot;top&quot;:&quot;&quot;,&quot;right&quot;:&quot;&quot;,&quot;bottom&quot;:&quot;&quot;,&quot;left&quot;:&quot;&quot;,&quot;isLinked&quot;:true},&quot;element_pack_global_tooltip_border_radius&quot;:{&quot;unit&quot;:&quot;px&quot;,&quot;top&quot;:&quot;&quot;,&quot;right&quot;:&quot;&quot;,&quot;bottom&quot;:&quot;&quot;,&quot;left&quot;:&quot;&quot;,&quot;isLinked&quot;:true},&quot;element_pack_global_tooltip_border_radius_tablet&quot;:{&quot;unit&quot;:&quot;px&quot;,&quot;top&quot;:&quot;&quot;,&quot;right&quot;:&quot;&quot;,&quot;bottom&quot;:&quot;&quot;,&quot;left&quot;:&quot;&quot;,&quot;isLinked&quot;:true},&quot;element_pack_global_tooltip_border_radius_mobile&quot;:{&quot;unit&quot;:&quot;px&quot;,&quot;top&quot;:&quot;&quot;,&quot;right&quot;:&quot;&quot;,&quot;bottom&quot;:&quot;&quot;,&quot;left&quot;:&quot;&quot;,&quot;isLinked&quot;:true}}\" data-elementor-post-type=\"page\">\n\t\t\t\t\t\t<section class=\"elementor-section elementor-top-section elementor-element elementor-element-6721a6a elementor-section-boxed elementor-section-height-default elementor-section-height-default\" data-id=\"6721a6a\" data-element_type=\"section\" data-settings=\"{&quot;background_background&quot;:&quot;classic&quot;,&quot;shape_divider_bottom&quot;:&quot;waves&quot;,&quot;shape_divider_bottom_negative&quot;:&quot;yes&quot;}\">\n\t\t\t\t\t\t\t<div class=\"elementor-background-overlay\"><\/div>\n\t\t\t\t\t\t<div class=\"elementor-shape elementor-shape-bottom\" data-negative=\"true\">\n\t\t\t<svg xmlns=\"http:\/\/www.w3.org\/2000\/svg\" viewBox=\"0 0 1000 100\" preserveAspectRatio=\"none\">\n\t<path class=\"elementor-shape-fill\" d=\"M790.5,93.1c-59.3-5.3-116.8-18-192.6-50c-29.6-12.7-76.9-31-100.5-35.9c-23.6-4.9-52.6-7.8-75.5-5.3\n\tc-10.2,1.1-22.6,1.4-50.1,7.4c-27.2,6.3-58.2,16.6-79.4,24.7c-41.3,15.9-94.9,21.9-134,22.6C72,58.2,0,25.8,0,25.8V100h1000V65.3\n\tc0,0-51.5,19.4-106.2,25.7C839.5,97,814.1,95.2,790.5,93.1z\"\/>\n<\/svg>\t\t<\/div>\n\t\t\t\t\t<div class=\"elementor-container elementor-column-gap-default\">\n\t\t\t\t\t<div class=\"elementor-column elementor-col-50 elementor-top-column elementor-element elementor-element-190c14e elementor-invisible\" data-id=\"190c14e\" data-element_type=\"column\" data-settings=\"{&quot;animation&quot;:&quot;zoomIn&quot;}\">\n\t\t\t<div class=\"elementor-widget-wrap elementor-element-populated\">\n\t\t\t\t\t\t<div class=\"elementor-element elementor-element-b2cd079 elementor-align-left elementor-widget elementor-widget-breadcrumbs\" data-id=\"b2cd079\" data-element_type=\"widget\" data-widget_type=\"breadcrumbs.default\">\n\t\t\t\t<div class=\"elementor-widget-container\">\n\t\t\t\t\t<p id=\"breadcrumbs\"><span><span><a href=\"https:\/\/projektwitryny.pl\/awprojekt\/\">Strona g\u0142\u00f3wna<\/a><\/span><\/span><\/p>\t\t\t\t<\/div>\n\t\t\t\t<\/div>\n\t\t\t\t<div class=\"elementor-element elementor-element-0688435 elementor-widget elementor-widget-heading\" data-id=\"0688435\" data-element_type=\"widget\" data-widget_type=\"heading.default\">\n\t\t\t\t<div class=\"elementor-widget-container\">\n\t\t\t\t\t<h1 class=\"elementor-heading-title elementor-size-default\"><b>Pozycjonowanie<\/b> darmowa wycena<\/h1>\t\t\t\t<\/div>\n\t\t\t\t<\/div>\n\t\t\t\t<div class=\"elementor-element elementor-element-6a4ae1b elementor-widget elementor-widget-text-editor\" data-id=\"6a4ae1b\" data-element_type=\"widget\" data-widget_type=\"text-editor.default\">\n\t\t\t\t<div class=\"elementor-widget-container\">\n\t\t\t\t\t\t\t\t\t<p>Wype\u0142nij brief i otrzymaj bezp\u0142atn\u0105 wycen\u0119.<\/p>\t\t\t\t\t\t\t\t<\/div>\n\t\t\t\t<\/div>\n\t\t\t\t\t<\/div>\n\t\t<\/div>\n\t\t\t\t<div class=\"elementor-column elementor-col-50 elementor-top-column elementor-element elementor-element-cdca154 elementor-invisible\" data-id=\"cdca154\" data-element_type=\"column\" data-settings=\"{&quot;background_background&quot;:&quot;classic&quot;,&quot;animation&quot;:&quot;zoomIn&quot;}\">\n\t\t\t<div class=\"elementor-widget-wrap\">\n\t\t\t\t\t\t\t<\/div>\n\t\t<\/div>\n\t\t\t\t\t<\/div>\n\t\t<\/section>\n\t\t\t\t<section class=\"elementor-section elementor-top-section elementor-element elementor-element-4c35a62 elementor-reverse-mobile elementor-section-boxed elementor-section-height-default elementor-section-height-default\" data-id=\"4c35a62\" data-element_type=\"section\">\n\t\t\t\t\t\t<div class=\"elementor-container elementor-column-gap-default\">\n\t\t\t\t\t<div class=\"elementor-column elementor-col-50 elementor-top-column elementor-element elementor-element-dd02a40\" data-id=\"dd02a40\" data-element_type=\"column\">\n\t\t\t<div class=\"elementor-widget-wrap elementor-element-populated\">\n\t\t\t\t\t\t<div class=\"elementor-element elementor-element-fc34ccd elementor-widget elementor-widget-heading\" data-id=\"fc34ccd\" data-element_type=\"widget\" data-widget_type=\"heading.default\">\n\t\t\t\t<div class=\"elementor-widget-container\">\n\t\t\t\t\t<h2 class=\"elementor-heading-title elementor-size-default\"><b>Skontaktuj si\u0119<\/b> z nami<\/h2>\t\t\t\t<\/div>\n\t\t\t\t<\/div>\n\t\t\t\t<div class=\"elementor-element elementor-element-51a40ce elementor-align-left elementor-mobile-align-center elementor-icon-list--layout-traditional elementor-list-item-link-full_width elementor-widget elementor-widget-icon-list\" data-id=\"51a40ce\" data-element_type=\"widget\" data-widget_type=\"icon-list.default\">\n\t\t\t\t<div class=\"elementor-widget-container\">\n\t\t\t\t\t\t\t<ul class=\"elementor-icon-list-items\">\n\t\t\t\t\t\t\t<li class=\"elementor-icon-list-item\">\n\t\t\t\t\t\t\t\t\t\t\t<a href=\"tel:+48887587387\">\n\n\t\t\t\t\t\t\t\t\t\t\t\t<span class=\"elementor-icon-list-icon\">\n\t\t\t\t\t\t\t<i aria-hidden=\"true\" class=\"fas fa-phone-alt\"><\/i>\t\t\t\t\t\t<\/span>\n\t\t\t\t\t\t\t\t\t\t<span class=\"elementor-icon-list-text\">+48 887 587 387<\/span>\n\t\t\t\t\t\t\t\t\t\t\t<\/a>\n\t\t\t\t\t\t\t\t\t<\/li>\n\t\t\t\t\t\t\t\t<li class=\"elementor-icon-list-item\">\n\t\t\t\t\t\t\t\t\t\t\t<a href=\"mailto:biuro@awprojekt-art.pl\">\n\n\t\t\t\t\t\t\t\t\t\t\t\t<span class=\"elementor-icon-list-icon\">\n\t\t\t\t\t\t\t<i aria-hidden=\"true\" class=\"far fa-envelope\"><\/i>\t\t\t\t\t\t<\/span>\n\t\t\t\t\t\t\t\t\t\t<span class=\"elementor-icon-list-text\">biuro@awprojekt-art.pl<\/span>\n\t\t\t\t\t\t\t\t\t\t\t<\/a>\n\t\t\t\t\t\t\t\t\t<\/li>\n\t\t\t\t\t\t<\/ul>\n\t\t\t\t\t\t<\/div>\n\t\t\t\t<\/div>\n\t\t\t\t<div class=\"elementor-element elementor-element-946c5c7 elementor-widget elementor-widget-text-editor\" data-id=\"946c5c7\" data-element_type=\"widget\" data-widget_type=\"text-editor.default\">\n\t\t\t\t<div class=\"elementor-widget-container\">\n\t\t\t\t\t\t\t\t\t<p>Jeste\u015bmy do dyspozycji od poniedzia\u0142ku<br class=\"hidden--md\" \/>do pi\u0105tku w godzinach od 9:00 do 17:00<\/p>\t\t\t\t\t\t\t\t<\/div>\n\t\t\t\t<\/div>\n\t\t\t\t<div class=\"elementor-element elementor-element-5569132 elementor-widget-divider--view-line elementor-widget elementor-widget-divider\" data-id=\"5569132\" data-element_type=\"widget\" data-widget_type=\"divider.default\">\n\t\t\t\t<div class=\"elementor-widget-container\">\n\t\t\t\t\t\t\t<div class=\"elementor-divider\">\n\t\t\t<span class=\"elementor-divider-separator\">\n\t\t\t\t\t\t<\/span>\n\t\t<\/div>\n\t\t\t\t\t\t<\/div>\n\t\t\t\t<\/div>\n\t\t\t\t<div class=\"elementor-element elementor-element-4c56971 elementor-position-left elementor-vertical-align-middle elementor-view-default elementor-mobile-position-top elementor-widget elementor-widget-icon-box\" data-id=\"4c56971\" data-element_type=\"widget\" data-widget_type=\"icon-box.default\">\n\t\t\t\t<div class=\"elementor-widget-container\">\n\t\t\t\t\t\t\t<div class=\"elementor-icon-box-wrapper\">\n\n\t\t\t\t\t\t<div class=\"elementor-icon-box-icon\">\n\t\t\t\t<span  class=\"elementor-icon\">\n\t\t\t\t<i aria-hidden=\"true\" class=\"icon icon-apartment1\"><\/i>\t\t\t\t<\/span>\n\t\t\t<\/div>\n\t\t\t\n\t\t\t\t\t\t<div class=\"elementor-icon-box-content\">\n\n\t\t\t\t\t\t\t\t\t<h3 class=\"elementor-icon-box-title\">\n\t\t\t\t\t\t<span  >\n\t\t\t\t\t\t\tOddzia\u0142 Warszawa\t\t\t\t\t\t<\/span>\n\t\t\t\t\t<\/h3>\n\t\t\t\t\n\t\t\t\t\t\t\t\t\t<p class=\"elementor-icon-box-description\">\n\t\t\t\t\t\tGrzybowska 87, 00-844 Warszawa\t\t\t\t\t<\/p>\n\t\t\t\t\n\t\t\t<\/div>\n\t\t\t\n\t\t<\/div>\n\t\t\t\t\t\t<\/div>\n\t\t\t\t<\/div>\n\t\t\t\t<div class=\"elementor-element elementor-element-03302e3 elementor-position-left elementor-vertical-align-middle elementor-view-default elementor-mobile-position-top elementor-widget elementor-widget-icon-box\" data-id=\"03302e3\" data-element_type=\"widget\" data-widget_type=\"icon-box.default\">\n\t\t\t\t<div class=\"elementor-widget-container\">\n\t\t\t\t\t\t\t<div class=\"elementor-icon-box-wrapper\">\n\n\t\t\t\t\t\t<div class=\"elementor-icon-box-icon\">\n\t\t\t\t<span  class=\"elementor-icon\">\n\t\t\t\t<i aria-hidden=\"true\" class=\"icon icon-apartment1\"><\/i>\t\t\t\t<\/span>\n\t\t\t<\/div>\n\t\t\t\n\t\t\t\t\t\t<div class=\"elementor-icon-box-content\">\n\n\t\t\t\t\t\t\t\t\t<h3 class=\"elementor-icon-box-title\">\n\t\t\t\t\t\t<span  >\n\t\t\t\t\t\t\tOddzia\u0142 \u0141\u00f3d\u017a\t\t\t\t\t\t<\/span>\n\t\t\t\t\t<\/h3>\n\t\t\t\t\n\t\t\t\t\t\t\t\t\t<p class=\"elementor-icon-box-description\">\n\t\t\t\t\t\tPi\u0142sudskiego 25, 90-307 \u0141\u00f3d\u017a\t\t\t\t\t<\/p>\n\t\t\t\t\n\t\t\t<\/div>\n\t\t\t\n\t\t<\/div>\n\t\t\t\t\t\t<\/div>\n\t\t\t\t<\/div>\n\t\t\t\t<div class=\"elementor-element elementor-element-6ba8a24 elementor-position-left elementor-vertical-align-middle elementor-view-default elementor-mobile-position-top elementor-widget elementor-widget-icon-box\" data-id=\"6ba8a24\" data-element_type=\"widget\" data-widget_type=\"icon-box.default\">\n\t\t\t\t<div class=\"elementor-widget-container\">\n\t\t\t\t\t\t\t<div class=\"elementor-icon-box-wrapper\">\n\n\t\t\t\t\t\t<div class=\"elementor-icon-box-icon\">\n\t\t\t\t<span  class=\"elementor-icon\">\n\t\t\t\t<i aria-hidden=\"true\" class=\"icon icon-apartment1\"><\/i>\t\t\t\t<\/span>\n\t\t\t<\/div>\n\t\t\t\n\t\t\t\t\t\t<div class=\"elementor-icon-box-content\">\n\n\t\t\t\t\t\t\t\t\t<h3 class=\"elementor-icon-box-title\">\n\t\t\t\t\t\t<span  >\n\t\t\t\t\t\t\tOddzia\u0142 Wroc\u0142aw\t\t\t\t\t\t<\/span>\n\t\t\t\t\t<\/h3>\n\t\t\t\t\n\t\t\t\t\t\t\t\t\t<p class=\"elementor-icon-box-description\">\n\t\t\t\t\t\tJaworska 11-13, 53-612 Wroc\u0142aw\t\t\t\t\t<\/p>\n\t\t\t\t\n\t\t\t<\/div>\n\t\t\t\n\t\t<\/div>\n\t\t\t\t\t\t<\/div>\n\t\t\t\t<\/div>\n\t\t\t\t<div class=\"elementor-element elementor-element-14fcbcf elementor-position-left elementor-vertical-align-middle elementor-view-default elementor-mobile-position-top elementor-widget elementor-widget-icon-box\" data-id=\"14fcbcf\" data-element_type=\"widget\" data-widget_type=\"icon-box.default\">\n\t\t\t\t<div class=\"elementor-widget-container\">\n\t\t\t\t\t\t\t<div class=\"elementor-icon-box-wrapper\">\n\n\t\t\t\t\t\t<div class=\"elementor-icon-box-icon\">\n\t\t\t\t<span  class=\"elementor-icon\">\n\t\t\t\t<i aria-hidden=\"true\" class=\"icon icon-apartment1\"><\/i>\t\t\t\t<\/span>\n\t\t\t<\/div>\n\t\t\t\n\t\t\t\t\t\t<div class=\"elementor-icon-box-content\">\n\n\t\t\t\t\t\t\t\t\t<h3 class=\"elementor-icon-box-title\">\n\t\t\t\t\t\t<span  >\n\t\t\t\t\t\t\tOddzia\u0142 Krak\u00f3w\t\t\t\t\t\t<\/span>\n\t\t\t\t\t<\/h3>\n\t\t\t\t\n\t\t\t\t\t\t\t\t\t<p class=\"elementor-icon-box-description\">\n\t\t\t\t\t\tKamienna 21, 31-403 Krak\u00f3w\t\t\t\t\t<\/p>\n\t\t\t\t\n\t\t\t<\/div>\n\t\t\t\n\t\t<\/div>\n\t\t\t\t\t\t<\/div>\n\t\t\t\t<\/div>\n\t\t\t\t<div class=\"elementor-element elementor-element-f332491 elementor-widget-divider--view-line elementor-widget elementor-widget-divider\" data-id=\"f332491\" data-element_type=\"widget\" data-widget_type=\"divider.default\">\n\t\t\t\t<div class=\"elementor-widget-container\">\n\t\t\t\t\t\t\t<div class=\"elementor-divider\">\n\t\t\t<span class=\"elementor-divider-separator\">\n\t\t\t\t\t\t<\/span>\n\t\t<\/div>\n\t\t\t\t\t\t<\/div>\n\t\t\t\t<\/div>\n\t\t\t\t<div class=\"elementor-element elementor-element-70482d2 elementor-widget elementor-widget-heading\" data-id=\"70482d2\" data-element_type=\"widget\" data-widget_type=\"heading.default\">\n\t\t\t\t<div class=\"elementor-widget-container\">\n\t\t\t\t\t<h5 class=\"elementor-heading-title elementor-size-default\">Obserwuj nas i b\u0105d\u017a na bie\u017c\u0105co<\/h5>\t\t\t\t<\/div>\n\t\t\t\t<\/div>\n\t\t\t\t<div class=\"elementor-element elementor-element-eaced6f elementor-widget elementor-widget-elementskit-social-media\" data-id=\"eaced6f\" data-element_type=\"widget\" data-widget_type=\"elementskit-social-media.default\">\n\t\t\t\t<div class=\"elementor-widget-container\">\n\t\t\t\t\t<div class=\"ekit-wid-con\" >\t\t\t <ul class=\"ekit_social_media\">\n\t\t\t\t\t\t\t\t\t\t\t\t\t\t<li class=\"elementor-repeater-item-c814979\">\n\t\t\t\t\t    <a\n\t\t\t\t\t\thref=\"https:\/\/www.facebook.com\/awprojekt.agencjainteraktywna\" target=\"_blank\" rel=\"nofollow\" aria-label=\"Facebook\" class=\"facebook\" >\n\t\t\t\t\t\t\t\t\t\t\t\t\t\t\n\t\t\t\t\t\t\t<i aria-hidden=\"true\" class=\"icon icon-facebook\"><\/i>\t\t\t\t\t\t\t\t\t\n                                                                                                            <\/a>\n                    <\/li>\n                    \t\t\t\t\t\t\t\t\t\t\t\t\t\t<li class=\"elementor-repeater-item-75bc813\">\n\t\t\t\t\t    <a\n\t\t\t\t\t\thref=\"https:\/\/www.instagram.com\/awprojekt\/\" target=\"_blank\" rel=\"nofollow\" aria-label=\"Instagram\" class=\"1\" >\n\t\t\t\t\t\t\t\t\t\t\t\t\t\t\n\t\t\t\t\t\t\t<i aria-hidden=\"true\" class=\"icon icon-instagram-1\"><\/i>\t\t\t\t\t\t\t\t\t\n                                                                                                            <\/a>\n                    <\/li>\n                    \t\t\t\t\t\t\t\t\t\t\t\t\t\t<li class=\"elementor-repeater-item-66b7756\">\n\t\t\t\t\t    <a\n\t\t\t\t\t\thref=\"https:\/\/pl.pinterest.com\/aagencjainteraktywna\/\" target=\"_blank\" rel=\"nofollow\" aria-label=\"Pinterest\" class=\"pinterest\" >\n\t\t\t\t\t\t\t\t\t\t\t\t\t\t\n\t\t\t\t\t\t\t<i aria-hidden=\"true\" class=\"fab fa-pinterest\"><\/i>\t\t\t\t\t\t\t\t\t\n                                                                                                            <\/a>\n                    <\/li>\n                    \t\t\t\t\t\t\t\t\t\t\t\t\t\t<li class=\"elementor-repeater-item-0109ec3\">\n\t\t\t\t\t    <a\n\t\t\t\t\t\thref=\"https:\/\/www.linkedin.com\/company\/aw-projekt-agencja-interaktywna\/\" target=\"_blank\" rel=\"nofollow\" aria-label=\"Linkedin\" class=\"linkedin\" >\n\t\t\t\t\t\t\t\t\t\t\t\t\t\t\n\t\t\t\t\t\t\t<i aria-hidden=\"true\" class=\"fab fa-linkedin\"><\/i>\t\t\t\t\t\t\t\t\t\n                                                                                                            <\/a>\n                    <\/li>\n                    \t\t\t\t\t\t\t\t\t\t\t\t\t\t<li class=\"elementor-repeater-item-e90a5b1\">\n\t\t\t\t\t    <a\n\t\t\t\t\t\thref=\"https:\/\/twitter.com\/aw_projekt\" target=\"_blank\" rel=\"nofollow\" aria-label=\"Twitter\" class=\"twitter\" >\n\t\t\t\t\t\t\t\t\t\t\t\t\t\t\n\t\t\t\t\t\t\t<i aria-hidden=\"true\" class=\"icon icon-twitter\"><\/i>\t\t\t\t\t\t\t\t\t\n                                                                                                            <\/a>\n                    <\/li>\n                    \t\t\t\t\t\t\t\t\t\t\t\t\t\t<li class=\"elementor-repeater-item-2867e18\">\n\t\t\t\t\t    <a\n\t\t\t\t\t\thref=\"https:\/\/www.youtube.com\/@awprojektagencjainteraktyw7494\/videos\" target=\"_blank\" rel=\"nofollow\" aria-label=\"YouTube\" class=\"youtube\" >\n\t\t\t\t\t\t\t\t\t\t\t\t\t\t\n\t\t\t\t\t\t\t<i aria-hidden=\"true\" class=\"icon icon-youtube\"><\/i>\t\t\t\t\t\t\t\t\t\n                                                                                                            <\/a>\n                    <\/li>\n                    \t\t\t\t\t\t\t<\/ul>\n\t\t<\/div>\t\t\t\t<\/div>\n\t\t\t\t<\/div>\n\t\t\t\t\t<\/div>\n\t\t<\/div>\n\t\t\t\t<div class=\"elementor-column elementor-col-50 elementor-top-column elementor-element elementor-element-49d3efe\" data-id=\"49d3efe\" data-element_type=\"column\">\n\t\t\t<div class=\"elementor-widget-wrap elementor-element-populated\">\n\t\t\t\t\t\t<div class=\"elementor-element elementor-element-72c6f7e elementor-widget elementor-widget-heading\" data-id=\"72c6f7e\" data-element_type=\"widget\" data-widget_type=\"heading.default\">\n\t\t\t\t<div class=\"elementor-widget-container\">\n\t\t\t\t\t<h3 class=\"elementor-heading-title elementor-size-default\">Otrzymaj <b>bezp\u0142atn\u0105 wycen\u0119<\/b><\/h3>\t\t\t\t<\/div>\n\t\t\t\t<\/div>\n\t\t\t\t<div class=\"elementor-element elementor-element-f8bbf98 elementor-widget elementor-widget-shortcode\" data-id=\"f8bbf98\" data-element_type=\"widget\" data-widget_type=\"shortcode.default\">\n\t\t\t\t<div class=\"elementor-widget-container\">\n\t\t\t\t\t\t\t<div class=\"elementor-shortcode\"><\/div>\n\t\t\t\t\t\t<\/div>\n\t\t\t\t<\/div>\n\t\t\t\t\t<\/div>\n\t\t<\/div>\n\t\t\t\t\t<\/div>\n\t\t<\/section>\n\t\t\t\t<\/div>\n\t\t","protected":false},"excerpt":{"rendered":"<p>Pozycjonowanie darmowa wycena Wype\u0142nij brief i otrzymaj bezp\u0142atn\u0105 wycen\u0119. Skontaktuj si\u0119 z nami +48 887 587 387 biuro@awprojekt-art.pl Jeste\u015bmy do dyspozycji od poniedzia\u0142kudo pi\u0105tku w godzinach od 9:00 do 17:00 Oddzia\u0142 Warszawa Grzybowska 87, 00-844 Warszawa Oddzia\u0142 \u0141\u00f3d\u017a Pi\u0142sudskiego 25, 90-307 \u0141\u00f3d\u017a Oddzia\u0142 Wroc\u0142aw Jaworska 11-13, 53-612 Wroc\u0142aw Oddzia\u0142 Krak\u00f3w Kamienna 21, 31-403 Krak\u00f3w Obserwuj [&hellip;]<\/p>\n","protected":false},"author":1,"featured_media":0,"parent":0,"menu_order":0,"comment_status":"closed","ping_status":"closed","template":"elementor_header_footer","meta":{"footnotes":""},"class_list":["post-22019","page","type-page","status-publish","hentry"],"yoast_head":"<!-- This site is optimized with the Yoast SEO Premium plugin v20.7 (Yoast SEO v25.1) - https:\/\/yoast.com\/wordpress\/plugins\/seo\/ -->\n<title>Wype\u0142nij brief kreatywny aby otrzyma\u0107 indywidualn\u0105 ofert\u0119<\/title>\n<meta name=\"robots\" content=\"noindex, follow, max-snippet:-1, max-image-preview:large, max-video-preview:-1\" \/>\n<meta property=\"og:locale\" content=\"pl_PL\" \/>\n<meta property=\"og:type\" content=\"article\" \/>\n<meta property=\"og:title\" content=\"Wycena pozycjonowania\" \/>\n<meta property=\"og:description\" content=\"Pozycjonowanie darmowa wycena Wype\u0142nij brief i otrzymaj bezp\u0142atn\u0105 wycen\u0119. Skontaktuj si\u0119 z nami +48 887 587 387 biuro@awprojekt-art.pl Jeste\u015bmy do dyspozycji od poniedzia\u0142kudo pi\u0105tku w godzinach od 9:00 do 17:00 Oddzia\u0142 Warszawa Grzybowska 87, 00-844 Warszawa Oddzia\u0142 \u0141\u00f3d\u017a Pi\u0142sudskiego 25, 90-307 \u0141\u00f3d\u017a Oddzia\u0142 Wroc\u0142aw Jaworska 11-13, 53-612 Wroc\u0142aw Oddzia\u0142 Krak\u00f3w Kamienna 21, 31-403 Krak\u00f3w Obserwuj [&hellip;]\" \/>\n<meta property=\"og:url\" content=\"http:\/\/projektwitryny.pl\/awprojekt\/wycena-pozycjonowania\/\" \/>\n<meta property=\"og:site_name\" content=\"Tworzenie stron internetowych - AW PROJEKT\" \/>\n<meta property=\"article:publisher\" content=\"https:\/\/www.facebook.com\/awprojekt.agencjainteraktywna\/\" \/>\n<meta property=\"article:modified_time\" content=\"2023-05-09T13:26:49+00:00\" \/>\n<meta name=\"twitter:card\" content=\"summary_large_image\" \/>\n<meta name=\"twitter:site\" content=\"@aw_projekt\" \/>\n<!-- \/ Yoast SEO Premium plugin. -->","yoast_head_json":{"title":"Wype\u0142nij brief kreatywny aby otrzyma\u0107 indywidualn\u0105 ofert\u0119","robots":{"index":"noindex","follow":"follow","max-snippet":"max-snippet:-1","max-image-preview":"max-image-preview:large","max-video-preview":"max-video-preview:-1"},"og_locale":"pl_PL","og_type":"article","og_title":"Wycena pozycjonowania","og_description":"Pozycjonowanie darmowa wycena Wype\u0142nij brief i otrzymaj bezp\u0142atn\u0105 wycen\u0119. Skontaktuj si\u0119 z nami +48 887 587 387 biuro@awprojekt-art.pl Jeste\u015bmy do dyspozycji od poniedzia\u0142kudo pi\u0105tku w godzinach od 9:00 do 17:00 Oddzia\u0142 Warszawa Grzybowska 87, 00-844 Warszawa Oddzia\u0142 \u0141\u00f3d\u017a Pi\u0142sudskiego 25, 90-307 \u0141\u00f3d\u017a Oddzia\u0142 Wroc\u0142aw Jaworska 11-13, 53-612 Wroc\u0142aw Oddzia\u0142 Krak\u00f3w Kamienna 21, 31-403 Krak\u00f3w Obserwuj [&hellip;]","og_url":"http:\/\/projektwitryny.pl\/awprojekt\/wycena-pozycjonowania\/","og_site_name":"Tworzenie stron internetowych - AW PROJEKT","article_publisher":"https:\/\/www.facebook.com\/awprojekt.agencjainteraktywna\/","article_modified_time":"2023-05-09T13:26:49+00:00","twitter_card":"summary_large_image","twitter_site":"@aw_projekt","schema":{"@context":"https:\/\/schema.org","@graph":[{"@type":"WebPage","@id":"http:\/\/projektwitryny.pl\/awprojekt\/wycena-pozycjonowania\/","url":"http:\/\/projektwitryny.pl\/awprojekt\/wycena-pozycjonowania\/","name":"Wype\u0142nij brief kreatywny aby otrzyma\u0107 indywidualn\u0105 ofert\u0119","isPartOf":{"@id":"http:\/\/projektwitryny.pl\/awprojekt\/#website"},"datePublished":"2023-05-09T13:14:19+00:00","dateModified":"2023-05-09T13:26:49+00:00","breadcrumb":{"@id":"http:\/\/projektwitryny.pl\/awprojekt\/wycena-pozycjonowania\/#breadcrumb"},"inLanguage":"pl-PL","potentialAction":[{"@type":"ReadAction","target":["http:\/\/projektwitryny.pl\/awprojekt\/wycena-pozycjonowania\/"]}]},{"@type":"BreadcrumbList","@id":"http:\/\/projektwitryny.pl\/awprojekt\/wycena-pozycjonowania\/#breadcrumb","itemListElement":[{"@type":"ListItem","position":1,"name":"Strona g\u0142\u00f3wna","item":"https:\/\/projektwitryny.pl\/awprojekt\/"},{"@type":"ListItem","position":2,"name":"Wycena pozycjonowania"}]},{"@type":"WebSite","@id":"http:\/\/projektwitryny.pl\/awprojekt\/#website","url":"http:\/\/projektwitryny.pl\/awprojekt\/","name":"Tworzenie stron internetowych - AW PROJEKT","description":"Strony internetowe oraz sklepy","publisher":{"@id":"http:\/\/projektwitryny.pl\/awprojekt\/#organization"},"potentialAction":[{"@type":"SearchAction","target":{"@type":"EntryPoint","urlTemplate":"http:\/\/projektwitryny.pl\/awprojekt\/?s={search_term_string}"},"query-input":{"@type":"PropertyValueSpecification","valueRequired":true,"valueName":"search_term_string"}}],"inLanguage":"pl-PL"},{"@type":"Organization","@id":"http:\/\/projektwitryny.pl\/awprojekt\/#organization","name":"Tworzenie stron internetowych - AW PROJEKT","url":"http:\/\/projektwitryny.pl\/awprojekt\/","logo":{"@type":"ImageObject","inLanguage":"pl-PL","@id":"http:\/\/projektwitryny.pl\/awprojekt\/#\/schema\/logo\/image\/","url":"http:\/\/projektwitryny.pl\/awprojekt\/wp-content\/uploads\/2020\/10\/logo.svg","contentUrl":"http:\/\/projektwitryny.pl\/awprojekt\/wp-content\/uploads\/2020\/10\/logo.svg","width":200,"height":54,"caption":"Tworzenie stron internetowych - AW PROJEKT"},"image":{"@id":"http:\/\/projektwitryny.pl\/awprojekt\/#\/schema\/logo\/image\/"},"sameAs":["https:\/\/www.facebook.com\/awprojekt.agencjainteraktywna\/","https:\/\/x.com\/aw_projekt","https:\/\/www.youtube.com\/@awprojektagencjainteraktyw7494\/videos","https:\/\/www.instagram.com\/awprojekt\/","https:\/\/pl.pinterest.com\/aagencjainteraktywna\/","https:\/\/www.linkedin.com\/company\/aw-projekt-agencja-interaktywna\/"]}]}},"_links":{"self":[{"href":"http:\/\/projektwitryny.pl\/awprojekt\/wp-json\/wp\/v2\/pages\/22019","targetHints":{"allow":["GET"]}}],"collection":[{"href":"http:\/\/projektwitryny.pl\/awprojekt\/wp-json\/wp\/v2\/pages"}],"about":[{"href":"http:\/\/projektwitryny.pl\/awprojekt\/wp-json\/wp\/v2\/types\/page"}],"author":[{"embeddable":true,"href":"http:\/\/projektwitryny.pl\/awprojekt\/wp-json\/wp\/v2\/users\/1"}],"replies":[{"embeddable":true,"href":"http:\/\/projektwitryny.pl\/awprojekt\/wp-json\/wp\/v2\/comments?post=22019"}],"version-history":[{"count":7,"href":"http:\/\/projektwitryny.pl\/awprojekt\/wp-json\/wp\/v2\/pages\/22019\/revisions"}],"predecessor-version":[{"id":22026,"href":"http:\/\/projektwitryny.pl\/awprojekt\/wp-json\/wp\/v2\/pages\/22019\/revisions\/22026"}],"wp:attachment":[{"href":"http:\/\/projektwitryny.pl\/awprojekt\/wp-json\/wp\/v2\/media?parent=22019"}],"curies":[{"name":"wp","href":"https:\/\/api.w.org\/{rel}","templated":true}]}}