{"id":22532,"date":"2023-05-30T17:44:10","date_gmt":"2023-05-30T16:44:10","guid":{"rendered":"http:\/\/projektwitryny.pl\/awprojekt\/?page_id=22532"},"modified":"2023-10-23T10:12:59","modified_gmt":"2023-10-23T09:12:59","slug":"referencje","status":"publish","type":"page","link":"http:\/\/projektwitryny.pl\/awprojekt\/referencje\/","title":{"rendered":"AW PROJEKT &#8211; opinie"},"content":{"rendered":"\t\t<div data-elementor-type=\"wp-page\" data-elementor-id=\"22532\" class=\"elementor elementor-22532\" data-elementor-settings=\"{&quot;element_pack_global_tooltip_width&quot;:{&quot;unit&quot;:&quot;px&quot;,&quot;size&quot;:&quot;&quot;,&quot;sizes&quot;:[]},&quot;element_pack_global_tooltip_width_tablet&quot;:{&quot;unit&quot;:&quot;px&quot;,&quot;size&quot;:&quot;&quot;,&quot;sizes&quot;:[]},&quot;element_pack_global_tooltip_width_mobile&quot;:{&quot;unit&quot;:&quot;px&quot;,&quot;size&quot;:&quot;&quot;,&quot;sizes&quot;:[]},&quot;element_pack_global_tooltip_padding&quot;:{&quot;unit&quot;:&quot;px&quot;,&quot;top&quot;:&quot;&quot;,&quot;right&quot;:&quot;&quot;,&quot;bottom&quot;:&quot;&quot;,&quot;left&quot;:&quot;&quot;,&quot;isLinked&quot;:true},&quot;element_pack_global_tooltip_padding_tablet&quot;:{&quot;unit&quot;:&quot;px&quot;,&quot;top&quot;:&quot;&quot;,&quot;right&quot;:&quot;&quot;,&quot;bottom&quot;:&quot;&quot;,&quot;left&quot;:&quot;&quot;,&quot;isLinked&quot;:true},&quot;element_pack_global_tooltip_padding_mobile&quot;:{&quot;unit&quot;:&quot;px&quot;,&quot;top&quot;:&quot;&quot;,&quot;right&quot;:&quot;&quot;,&quot;bottom&quot;:&quot;&quot;,&quot;left&quot;:&quot;&quot;,&quot;isLinked&quot;:true},&quot;element_pack_global_tooltip_border_radius&quot;:{&quot;unit&quot;:&quot;px&quot;,&quot;top&quot;:&quot;&quot;,&quot;right&quot;:&quot;&quot;,&quot;bottom&quot;:&quot;&quot;,&quot;left&quot;:&quot;&quot;,&quot;isLinked&quot;:true},&quot;element_pack_global_tooltip_border_radius_tablet&quot;:{&quot;unit&quot;:&quot;px&quot;,&quot;top&quot;:&quot;&quot;,&quot;right&quot;:&quot;&quot;,&quot;bottom&quot;:&quot;&quot;,&quot;left&quot;:&quot;&quot;,&quot;isLinked&quot;:true},&quot;element_pack_global_tooltip_border_radius_mobile&quot;:{&quot;unit&quot;:&quot;px&quot;,&quot;top&quot;:&quot;&quot;,&quot;right&quot;:&quot;&quot;,&quot;bottom&quot;:&quot;&quot;,&quot;left&quot;:&quot;&quot;,&quot;isLinked&quot;:true}}\" data-elementor-post-type=\"page\">\n\t\t\t\t\t\t<section class=\"elementor-section elementor-top-section elementor-element elementor-element-414861e9 elementor-section-boxed elementor-section-height-default elementor-section-height-default\" data-id=\"414861e9\" data-element_type=\"section\" data-settings=\"{&quot;background_background&quot;:&quot;classic&quot;,&quot;shape_divider_bottom&quot;:&quot;waves&quot;,&quot;shape_divider_bottom_negative&quot;:&quot;yes&quot;}\">\n\t\t\t\t\t\t\t<div class=\"elementor-background-overlay\"><\/div>\n\t\t\t\t\t\t<div class=\"elementor-shape elementor-shape-bottom\" data-negative=\"true\">\n\t\t\t<svg xmlns=\"http:\/\/www.w3.org\/2000\/svg\" viewBox=\"0 0 1000 100\" preserveAspectRatio=\"none\">\n\t<path class=\"elementor-shape-fill\" d=\"M790.5,93.1c-59.3-5.3-116.8-18-192.6-50c-29.6-12.7-76.9-31-100.5-35.9c-23.6-4.9-52.6-7.8-75.5-5.3\n\tc-10.2,1.1-22.6,1.4-50.1,7.4c-27.2,6.3-58.2,16.6-79.4,24.7c-41.3,15.9-94.9,21.9-134,22.6C72,58.2,0,25.8,0,25.8V100h1000V65.3\n\tc0,0-51.5,19.4-106.2,25.7C839.5,97,814.1,95.2,790.5,93.1z\"\/>\n<\/svg>\t\t<\/div>\n\t\t\t\t\t<div class=\"elementor-container elementor-column-gap-default\">\n\t\t\t\t\t<div class=\"elementor-column elementor-col-50 elementor-top-column elementor-element elementor-element-1ef89d5c elementor-invisible\" data-id=\"1ef89d5c\" data-element_type=\"column\" data-settings=\"{&quot;animation&quot;:&quot;zoomIn&quot;}\">\n\t\t\t<div class=\"elementor-widget-wrap elementor-element-populated\">\n\t\t\t\t\t\t<div class=\"elementor-element elementor-element-37c71f92 elementor-align-left elementor-widget elementor-widget-breadcrumbs\" data-id=\"37c71f92\" data-element_type=\"widget\" data-widget_type=\"breadcrumbs.default\">\n\t\t\t\t<div class=\"elementor-widget-container\">\n\t\t\t\t\t<p id=\"breadcrumbs\"><span><span><a href=\"https:\/\/projektwitryny.pl\/awprojekt\/\">Strona g\u0142\u00f3wna<\/a><\/span><\/span><\/p>\t\t\t\t<\/div>\n\t\t\t\t<\/div>\n\t\t\t\t<div class=\"elementor-element elementor-element-43d91dd6 elementor-widget elementor-widget-heading\" data-id=\"43d91dd6\" data-element_type=\"widget\" data-widget_type=\"heading.default\">\n\t\t\t\t<div class=\"elementor-widget-container\">\n\t\t\t\t\t<h1 class=\"elementor-heading-title elementor-size-default\">AW PROJEKT - opinie<\/h1>\t\t\t\t<\/div>\n\t\t\t\t<\/div>\n\t\t\t\t<div class=\"elementor-element elementor-element-13853584 elementor-widget elementor-widget-text-editor\" data-id=\"13853584\" data-element_type=\"widget\" data-widget_type=\"text-editor.default\">\n\t\t\t\t<div class=\"elementor-widget-container\">\n\t\t\t\t\t\t\t\t\t<p>Opinie naszych klient\u00f3w z Google oraz z Facebooka.<\/p>\t\t\t\t\t\t\t\t<\/div>\n\t\t\t\t<\/div>\n\t\t\t\t\t<\/div>\n\t\t<\/div>\n\t\t\t\t<div class=\"elementor-column elementor-col-50 elementor-top-column elementor-element elementor-element-51402077 elementor-invisible\" data-id=\"51402077\" data-element_type=\"column\" data-settings=\"{&quot;background_background&quot;:&quot;classic&quot;,&quot;animation&quot;:&quot;zoomIn&quot;}\">\n\t\t\t<div class=\"elementor-widget-wrap\">\n\t\t\t\t\t\t\t<\/div>\n\t\t<\/div>\n\t\t\t\t\t<\/div>\n\t\t<\/section>\n\t\t\t\t<section class=\"elementor-section elementor-top-section elementor-element elementor-element-ea9afc6 elementor-section-boxed elementor-section-height-default elementor-section-height-default\" data-id=\"ea9afc6\" data-element_type=\"section\">\n\t\t\t\t\t\t<div class=\"elementor-container elementor-column-gap-default\">\n\t\t\t\t\t<div class=\"elementor-column elementor-col-100 elementor-top-column elementor-element elementor-element-416d9c7\" data-id=\"416d9c7\" data-element_type=\"column\">\n\t\t\t<div class=\"elementor-widget-wrap elementor-element-populated\">\n\t\t\t\t\t\t<div class=\"elementor-element elementor-element-11a06b2 elementor-widget elementor-widget-heading\" data-id=\"11a06b2\" data-element_type=\"widget\" data-widget_type=\"heading.default\">\n\t\t\t\t<div class=\"elementor-widget-container\">\n\t\t\t\t\t<h2 class=\"elementor-heading-title elementor-size-default\">\u015arednia ocena 5.0<\/h2>\t\t\t\t<\/div>\n\t\t\t\t<\/div>\n\t\t\t\t\t<\/div>\n\t\t<\/div>\n\t\t\t\t\t<\/div>\n\t\t<\/section>\n\t\t\t\t<section class=\"elementor-section elementor-top-section elementor-element elementor-element-48f83a2 elementor-section-boxed elementor-section-height-default elementor-section-height-default\" data-id=\"48f83a2\" data-element_type=\"section\">\n\t\t\t\t\t\t<div class=\"elementor-container elementor-column-gap-default\">\n\t\t\t\t\t<div class=\"elementor-column elementor-col-33 elementor-top-column elementor-element elementor-element-3f51491\" data-id=\"3f51491\" data-element_type=\"column\">\n\t\t\t<div class=\"elementor-widget-wrap elementor-element-populated\">\n\t\t\t\t\t\t<div class=\"elementor-element elementor-element-7f3bc58 elementor-widget elementor-widget-shortcode\" data-id=\"7f3bc58\" data-element_type=\"widget\" data-widget_type=\"shortcode.default\">\n\t\t\t\t<div class=\"elementor-widget-container\">\n\t\t\t\t\t\t\t<div class=\"elementor-shortcode\"><div data-src=\"https:\/\/cdn.trustindex.io\/loader.js?4e67a2021de90632fa16692be11\"><\/div><\/div>\n\t\t\t\t\t\t<\/div>\n\t\t\t\t<\/div>\n\t\t\t\t\t<\/div>\n\t\t<\/div>\n\t\t\t\t<div class=\"elementor-column elementor-col-33 elementor-top-column elementor-element elementor-element-8287593\" data-id=\"8287593\" data-element_type=\"column\">\n\t\t\t<div class=\"elementor-widget-wrap\">\n\t\t\t\t\t\t\t<\/div>\n\t\t<\/div>\n\t\t\t\t<div class=\"elementor-column elementor-col-33 elementor-top-column elementor-element elementor-element-ad2808e\" data-id=\"ad2808e\" data-element_type=\"column\">\n\t\t\t<div class=\"elementor-widget-wrap elementor-element-populated\">\n\t\t\t\t\t\t<div class=\"elementor-element elementor-element-89d4677 elementor-widget elementor-widget-shortcode\" data-id=\"89d4677\" data-element_type=\"widget\" data-widget_type=\"shortcode.default\">\n\t\t\t\t<div class=\"elementor-widget-container\">\n\t\t\t\t\t\t\t<div class=\"elementor-shortcode\"><div data-src=\"https:\/\/cdn.trustindex.io\/loader.js?e0d2dd421d9e0622b2863f1d55a\"><\/div><\/div>\n\t\t\t\t\t\t<\/div>\n\t\t\t\t<\/div>\n\t\t\t\t\t<\/div>\n\t\t<\/div>\n\t\t\t\t\t<\/div>\n\t\t<\/section>\n\t\t\t\t<section class=\"elementor-section elementor-top-section elementor-element elementor-element-c3e17ab elementor-section-boxed elementor-section-height-default elementor-section-height-default\" data-id=\"c3e17ab\" data-element_type=\"section\">\n\t\t\t\t\t\t<div class=\"elementor-container elementor-column-gap-default\">\n\t\t\t\t\t<div class=\"elementor-column elementor-col-100 elementor-top-column elementor-element elementor-element-a081be8\" data-id=\"a081be8\" data-element_type=\"column\">\n\t\t\t<div class=\"elementor-widget-wrap elementor-element-populated\">\n\t\t\t\t\t\t<div class=\"elementor-element elementor-element-90fb051 elementor-widget elementor-widget-shortcode\" data-id=\"90fb051\" data-element_type=\"widget\" data-widget_type=\"shortcode.default\">\n\t\t\t\t<div class=\"elementor-widget-container\">\n\t\t\t\t\t\t\t<div class=\"elementor-shortcode\"><div data-src=\"https:\/\/cdn.trustindex.io\/loader.js?6ecb18515fb9823fe6765d720ce\"><\/div><\/div>\n\t\t\t\t\t\t<\/div>\n\t\t\t\t<\/div>\n\t\t\t\t\t<\/div>\n\t\t<\/div>\n\t\t\t\t\t<\/div>\n\t\t<\/section>\n\t\t\t\t<\/div>\n\t\t","protected":false},"excerpt":{"rendered":"<p>AW PROJEKT &#8211; opinie Opinie naszych klient\u00f3w z Google oraz z Facebooka. \u015arednia ocena 5.0<\/p>\n","protected":false},"author":1,"featured_media":0,"parent":0,"menu_order":0,"comment_status":"closed","ping_status":"closed","template":"elementor_header_footer","meta":{"footnotes":""},"class_list":["post-22532","page","type-page","status-publish","hentry"],"yoast_head":"<!-- This site is optimized with the Yoast SEO Premium plugin v20.7 (Yoast SEO v25.1) - https:\/\/yoast.com\/wordpress\/plugins\/seo\/ -->\n<title>Opinie AW PROJEKT Agencja Interaktywna<\/title>\n<meta name=\"description\" content=\"Jestem zadowolony z us\u0142ug firmy AW PROJEKT. Wybranie tej firmy do zaprojektowania mojej strony internetowej okaza\u0142o si\u0119 doskona\u0142ym wyborem.\" \/>\n<meta name=\"robots\" content=\"noindex, follow, max-snippet:-1, max-image-preview:large, max-video-preview:-1\" \/>\n<meta property=\"og:locale\" content=\"pl_PL\" \/>\n<meta property=\"og:type\" content=\"article\" \/>\n<meta property=\"og:title\" content=\"AW PROJEKT - opinie\" \/>\n<meta property=\"og:description\" content=\"Jestem zadowolony z us\u0142ug firmy AW PROJEKT. Wybranie tej firmy do zaprojektowania mojej strony internetowej okaza\u0142o si\u0119 doskona\u0142ym wyborem.\" \/>\n<meta property=\"og:url\" content=\"http:\/\/projektwitryny.pl\/awprojekt\/referencje\/\" \/>\n<meta property=\"og:site_name\" content=\"Tworzenie stron internetowych - AW PROJEKT\" \/>\n<meta property=\"article:publisher\" content=\"https:\/\/www.facebook.com\/awprojekt.agencjainteraktywna\/\" \/>\n<meta property=\"article:modified_time\" content=\"2023-10-23T09:12:59+00:00\" \/>\n<meta name=\"twitter:card\" content=\"summary_large_image\" \/>\n<meta name=\"twitter:site\" content=\"@aw_projekt\" \/>\n<meta name=\"twitter:label1\" content=\"Szacowany czas czytania\" \/>\n\t<meta name=\"twitter:data1\" content=\"1 minuta\" \/>\n<!-- \/ Yoast SEO Premium plugin. -->","yoast_head_json":{"title":"Opinie AW PROJEKT Agencja Interaktywna","description":"Jestem zadowolony z us\u0142ug firmy AW PROJEKT. Wybranie tej firmy do zaprojektowania mojej strony internetowej okaza\u0142o si\u0119 doskona\u0142ym wyborem.","robots":{"index":"noindex","follow":"follow","max-snippet":"max-snippet:-1","max-image-preview":"max-image-preview:large","max-video-preview":"max-video-preview:-1"},"og_locale":"pl_PL","og_type":"article","og_title":"AW PROJEKT - opinie","og_description":"Jestem zadowolony z us\u0142ug firmy AW PROJEKT. Wybranie tej firmy do zaprojektowania mojej strony internetowej okaza\u0142o si\u0119 doskona\u0142ym wyborem.","og_url":"http:\/\/projektwitryny.pl\/awprojekt\/referencje\/","og_site_name":"Tworzenie stron internetowych - AW PROJEKT","article_publisher":"https:\/\/www.facebook.com\/awprojekt.agencjainteraktywna\/","article_modified_time":"2023-10-23T09:12:59+00:00","twitter_card":"summary_large_image","twitter_site":"@aw_projekt","twitter_misc":{"Szacowany czas czytania":"1 minuta"},"schema":{"@context":"https:\/\/schema.org","@graph":[{"@type":"WebPage","@id":"http:\/\/projektwitryny.pl\/awprojekt\/referencje\/","url":"http:\/\/projektwitryny.pl\/awprojekt\/referencje\/","name":"Opinie AW PROJEKT Agencja Interaktywna","isPartOf":{"@id":"http:\/\/projektwitryny.pl\/awprojekt\/#website"},"datePublished":"2023-05-30T16:44:10+00:00","dateModified":"2023-10-23T09:12:59+00:00","description":"Jestem zadowolony z us\u0142ug firmy AW PROJEKT. Wybranie tej firmy do zaprojektowania mojej strony internetowej okaza\u0142o si\u0119 doskona\u0142ym wyborem.","breadcrumb":{"@id":"http:\/\/projektwitryny.pl\/awprojekt\/referencje\/#breadcrumb"},"inLanguage":"pl-PL","potentialAction":[{"@type":"ReadAction","target":["http:\/\/projektwitryny.pl\/awprojekt\/referencje\/"]}]},{"@type":"BreadcrumbList","@id":"http:\/\/projektwitryny.pl\/awprojekt\/referencje\/#breadcrumb","itemListElement":[{"@type":"ListItem","position":1,"name":"Strona g\u0142\u00f3wna","item":"https:\/\/projektwitryny.pl\/awprojekt\/"},{"@type":"ListItem","position":2,"name":"AW PROJEKT &#8211; opinie"}]},{"@type":"WebSite","@id":"http:\/\/projektwitryny.pl\/awprojekt\/#website","url":"http:\/\/projektwitryny.pl\/awprojekt\/","name":"Tworzenie stron internetowych - AW PROJEKT","description":"Strony internetowe oraz sklepy","publisher":{"@id":"http:\/\/projektwitryny.pl\/awprojekt\/#organization"},"potentialAction":[{"@type":"SearchAction","target":{"@type":"EntryPoint","urlTemplate":"http:\/\/projektwitryny.pl\/awprojekt\/?s={search_term_string}"},"query-input":{"@type":"PropertyValueSpecification","valueRequired":true,"valueName":"search_term_string"}}],"inLanguage":"pl-PL"},{"@type":"Organization","@id":"http:\/\/projektwitryny.pl\/awprojekt\/#organization","name":"Tworzenie stron internetowych - AW PROJEKT","url":"http:\/\/projektwitryny.pl\/awprojekt\/","logo":{"@type":"ImageObject","inLanguage":"pl-PL","@id":"http:\/\/projektwitryny.pl\/awprojekt\/#\/schema\/logo\/image\/","url":"http:\/\/projektwitryny.pl\/awprojekt\/wp-content\/uploads\/2020\/10\/logo.svg","contentUrl":"http:\/\/projektwitryny.pl\/awprojekt\/wp-content\/uploads\/2020\/10\/logo.svg","width":200,"height":54,"caption":"Tworzenie stron internetowych - AW PROJEKT"},"image":{"@id":"http:\/\/projektwitryny.pl\/awprojekt\/#\/schema\/logo\/image\/"},"sameAs":["https:\/\/www.facebook.com\/awprojekt.agencjainteraktywna\/","https:\/\/x.com\/aw_projekt","https:\/\/www.youtube.com\/@awprojektagencjainteraktyw7494\/videos","https:\/\/www.instagram.com\/awprojekt\/","https:\/\/pl.pinterest.com\/aagencjainteraktywna\/","https:\/\/www.linkedin.com\/company\/aw-projekt-agencja-interaktywna\/"]}]}},"_links":{"self":[{"href":"http:\/\/projektwitryny.pl\/awprojekt\/wp-json\/wp\/v2\/pages\/22532","targetHints":{"allow":["GET"]}}],"collection":[{"href":"http:\/\/projektwitryny.pl\/awprojekt\/wp-json\/wp\/v2\/pages"}],"about":[{"href":"http:\/\/projektwitryny.pl\/awprojekt\/wp-json\/wp\/v2\/types\/page"}],"author":[{"embeddable":true,"href":"http:\/\/projektwitryny.pl\/awprojekt\/wp-json\/wp\/v2\/users\/1"}],"replies":[{"embeddable":true,"href":"http:\/\/projektwitryny.pl\/awprojekt\/wp-json\/wp\/v2\/comments?post=22532"}],"version-history":[{"count":147,"href":"http:\/\/projektwitryny.pl\/awprojekt\/wp-json\/wp\/v2\/pages\/22532\/revisions"}],"predecessor-version":[{"id":23545,"href":"http:\/\/projektwitryny.pl\/awprojekt\/wp-json\/wp\/v2\/pages\/22532\/revisions\/23545"}],"wp:attachment":[{"href":"http:\/\/projektwitryny.pl\/awprojekt\/wp-json\/wp\/v2\/media?parent=22532"}],"curies":[{"name":"wp","href":"https:\/\/api.w.org\/{rel}","templated":true}]}}