{"id":68,"date":"2021-09-10T13:14:34","date_gmt":"2021-09-10T11:14:34","guid":{"rendered":"https:\/\/projektwitryny.pl\/eight\/?page_id=68"},"modified":"2023-05-02T11:29:23","modified_gmt":"2023-05-02T09:29:23","slug":"blog","status":"publish","type":"page","link":"https:\/\/projektwitryny.pl\/eight\/blog\/","title":{"rendered":"Blog"},"content":{"rendered":"\t\t<div data-elementor-type=\"wp-page\" data-elementor-id=\"68\" class=\"elementor elementor-68\" data-elementor-post-type=\"page\">\n\t\t\t\t\t\t<section class=\"elementor-section elementor-top-section elementor-element elementor-element-c6e8ee3 elementor-section-boxed elementor-section-height-default elementor-section-height-default\" data-id=\"c6e8ee3\" data-element_type=\"section\" data-settings=\"{&quot;background_background&quot;:&quot;classic&quot;}\">\n\t\t\t\t\t\t\t<div class=\"elementor-background-overlay\"><\/div>\n\t\t\t\t\t\t\t<div class=\"elementor-container elementor-column-gap-default\">\n\t\t\t\t\t<div class=\"elementor-column elementor-col-100 elementor-top-column elementor-element elementor-element-9cf3414\" data-id=\"9cf3414\" data-element_type=\"column\">\n\t\t\t<div class=\"elementor-widget-wrap elementor-element-populated\">\n\t\t\t\t\t\t<div class=\"elementor-element elementor-element-6494307 elementor-headline--style-highlight elementor-invisible elementor-widget elementor-widget-animated-headline\" data-id=\"6494307\" data-element_type=\"widget\" data-settings=\"{&quot;marker&quot;:&quot;underline&quot;,&quot;highlighted_text&quot;:&quot;Blog&quot;,&quot;_animation&quot;:&quot;fadeInUp&quot;,&quot;headline_style&quot;:&quot;highlight&quot;,&quot;loop&quot;:&quot;yes&quot;,&quot;highlight_animation_duration&quot;:1200,&quot;highlight_iteration_delay&quot;:8000}\" data-widget_type=\"animated-headline.default\">\n\t\t\t\t<div class=\"elementor-widget-container\">\n\t\t\t\t\t<h1 class=\"elementor-headline\">\n\t\t\t\t<span class=\"elementor-headline-dynamic-wrapper elementor-headline-text-wrapper\">\n\t\t\t\t\t<span class=\"elementor-headline-dynamic-text elementor-headline-text-active\">Blog<\/span>\n\t\t\t\t<\/span>\n\t\t\t\t<\/h1>\n\t\t\t\t<\/div>\n\t\t\t\t<\/div>\n\t\t\t\t\t<\/div>\n\t\t<\/div>\n\t\t\t\t\t<\/div>\n\t\t<\/section>\n\t\t\t\t<section class=\"elementor-section elementor-top-section elementor-element elementor-element-8e4a006 elementor-section-boxed elementor-section-height-default elementor-section-height-default\" data-id=\"8e4a006\" data-element_type=\"section\">\n\t\t\t\t\t\t<div class=\"elementor-container elementor-column-gap-default\">\n\t\t\t\t\t<div class=\"elementor-column elementor-col-100 elementor-top-column elementor-element elementor-element-5cce521\" data-id=\"5cce521\" data-element_type=\"column\">\n\t\t\t<div class=\"elementor-widget-wrap elementor-element-populated\">\n\t\t\t\t\t\t<div class=\"elementor-element elementor-element-416b9f2 elementor-headline--style-highlight elementor-invisible elementor-widget elementor-widget-animated-headline\" data-id=\"416b9f2\" data-element_type=\"widget\" data-settings=\"{&quot;marker&quot;:&quot;underline&quot;,&quot;highlighted_text&quot;:&quot;blogu&quot;,&quot;_animation&quot;:&quot;fadeInUp&quot;,&quot;headline_style&quot;:&quot;highlight&quot;,&quot;loop&quot;:&quot;yes&quot;,&quot;highlight_animation_duration&quot;:1200,&quot;highlight_iteration_delay&quot;:8000}\" data-widget_type=\"animated-headline.default\">\n\t\t\t\t<div class=\"elementor-widget-container\">\n\t\t\t\t\t<h3 class=\"elementor-headline\">\n\t\t\t\t\t<span class=\"elementor-headline-plain-text elementor-headline-text-wrapper\">Czytaj ostatnie wpisy na<\/span>\n\t\t\t\t<span class=\"elementor-headline-dynamic-wrapper elementor-headline-text-wrapper\">\n\t\t\t\t\t<span class=\"elementor-headline-dynamic-text elementor-headline-text-active\">blogu<\/span>\n\t\t\t\t<\/span>\n\t\t\t\t<\/h3>\n\t\t\t\t<\/div>\n\t\t\t\t<\/div>\n\t\t\t\t<div class=\"elementor-element elementor-element-7052a8e elementor-grid-3 elementor-grid-tablet-2 elementor-grid-mobile-1 elementor-posts--thumbnail-top elementor-posts__hover-gradient elementor-invisible elementor-widget elementor-widget-posts\" data-id=\"7052a8e\" data-element_type=\"widget\" data-settings=\"{&quot;_animation&quot;:&quot;zoomIn&quot;,&quot;cards_columns&quot;:&quot;3&quot;,&quot;cards_columns_tablet&quot;:&quot;2&quot;,&quot;cards_columns_mobile&quot;:&quot;1&quot;,&quot;cards_row_gap&quot;:{&quot;unit&quot;:&quot;px&quot;,&quot;size&quot;:35,&quot;sizes&quot;:[]},&quot;cards_row_gap_tablet&quot;:{&quot;unit&quot;:&quot;px&quot;,&quot;size&quot;:&quot;&quot;,&quot;sizes&quot;:[]},&quot;cards_row_gap_mobile&quot;:{&quot;unit&quot;:&quot;px&quot;,&quot;size&quot;:&quot;&quot;,&quot;sizes&quot;:[]}}\" data-widget_type=\"posts.cards\">\n\t\t\t\t<div class=\"elementor-widget-container\">\n\t\t\t\t\t<div class=\"elementor-posts-container elementor-posts elementor-posts--skin-cards elementor-grid\">\n\t\t\t\t<article class=\"elementor-post elementor-grid-item post-901 post type-post status-publish format-standard has-post-thumbnail hentry category-bez-kategorii\">\n\t\t\t<div class=\"elementor-post__card\">\n\t\t\t\t<a class=\"elementor-post__thumbnail__link\" href=\"https:\/\/projektwitryny.pl\/eight\/lorem-ipsum-dolor-sit-amet-3\/\" tabindex=\"-1\" ><div class=\"elementor-post__thumbnail\"><img fetchpriority=\"high\" decoding=\"async\" width=\"1000\" height=\"667\" src=\"https:\/\/projektwitryny.pl\/eight\/wp-content\/uploads\/2023\/05\/widok-z-boku-przyciete-nie-do-poznania-ludzi-biznesu-pracujacych-przy-wspolnym-biurku.jpg\" class=\"attachment-full size-full wp-image-1451\" alt=\"\" srcset=\"https:\/\/projektwitryny.pl\/eight\/wp-content\/uploads\/2023\/05\/widok-z-boku-przyciete-nie-do-poznania-ludzi-biznesu-pracujacych-przy-wspolnym-biurku.jpg 1000w, https:\/\/projektwitryny.pl\/eight\/wp-content\/uploads\/2023\/05\/widok-z-boku-przyciete-nie-do-poznania-ludzi-biznesu-pracujacych-przy-wspolnym-biurku-300x200.jpg 300w, https:\/\/projektwitryny.pl\/eight\/wp-content\/uploads\/2023\/05\/widok-z-boku-przyciete-nie-do-poznania-ludzi-biznesu-pracujacych-przy-wspolnym-biurku-768x512.jpg 768w\" sizes=\"(max-width: 1000px) 100vw, 1000px\" \/><\/div><\/a>\n\t\t\t\t<div class=\"elementor-post__text\">\n\t\t\t\t<h3 class=\"elementor-post__title\">\n\t\t\t<a href=\"https:\/\/projektwitryny.pl\/eight\/lorem-ipsum-dolor-sit-amet-3\/\" >\n\t\t\t\tLorem ipsum dolor sit amet\t\t\t<\/a>\n\t\t<\/h3>\n\t\t\t\t<div class=\"elementor-post__excerpt\">\n\t\t\t<p>Lorem ipsum dolor sit amet, consectetur adipiscing elit Lorem ipsum dolor sit amet, consectetur adipiscing elit, sed do eiusmod tempor incididunt ut labore et dolore<\/p>\n\t\t<\/div>\n\t\t\n\t\t<a class=\"elementor-post__read-more\" href=\"https:\/\/projektwitryny.pl\/eight\/lorem-ipsum-dolor-sit-amet-3\/\" aria-label=\"Read more about Lorem ipsum dolor sit amet\" tabindex=\"-1\" >\n\t\t\tCzytaj dalej \u00bb\t\t<\/a>\n\n\t\t\t\t<\/div>\n\t\t\t\t\t<\/div>\n\t\t<\/article>\n\t\t\t\t<article class=\"elementor-post elementor-grid-item post-898 post type-post status-publish format-standard has-post-thumbnail hentry category-bez-kategorii\">\n\t\t\t<div class=\"elementor-post__card\">\n\t\t\t\t<a class=\"elementor-post__thumbnail__link\" href=\"https:\/\/projektwitryny.pl\/eight\/lorem-ipsum-dolor-sit-amet-2\/\" tabindex=\"-1\" ><div class=\"elementor-post__thumbnail\"><img decoding=\"async\" width=\"1000\" height=\"667\" src=\"https:\/\/projektwitryny.pl\/eight\/wp-content\/uploads\/2023\/05\/crop-colleagues-using-laptop-table.jpg\" class=\"attachment-full size-full wp-image-1447\" alt=\"\" srcset=\"https:\/\/projektwitryny.pl\/eight\/wp-content\/uploads\/2023\/05\/crop-colleagues-using-laptop-table.jpg 1000w, https:\/\/projektwitryny.pl\/eight\/wp-content\/uploads\/2023\/05\/crop-colleagues-using-laptop-table-300x200.jpg 300w, https:\/\/projektwitryny.pl\/eight\/wp-content\/uploads\/2023\/05\/crop-colleagues-using-laptop-table-768x512.jpg 768w\" sizes=\"(max-width: 1000px) 100vw, 1000px\" \/><\/div><\/a>\n\t\t\t\t<div class=\"elementor-post__text\">\n\t\t\t\t<h3 class=\"elementor-post__title\">\n\t\t\t<a href=\"https:\/\/projektwitryny.pl\/eight\/lorem-ipsum-dolor-sit-amet-2\/\" >\n\t\t\t\tLorem ipsum dolor sit amet\t\t\t<\/a>\n\t\t<\/h3>\n\t\t\t\t<div class=\"elementor-post__excerpt\">\n\t\t\t<p>Lorem ipsum dolor sit amet, consectetur adipiscing elit Lorem ipsum dolor sit amet, consectetur adipiscing elit, sed do eiusmod tempor incididunt ut labore et dolore<\/p>\n\t\t<\/div>\n\t\t\n\t\t<a class=\"elementor-post__read-more\" href=\"https:\/\/projektwitryny.pl\/eight\/lorem-ipsum-dolor-sit-amet-2\/\" aria-label=\"Read more about Lorem ipsum dolor sit amet\" tabindex=\"-1\" >\n\t\t\tCzytaj dalej \u00bb\t\t<\/a>\n\n\t\t\t\t<\/div>\n\t\t\t\t\t<\/div>\n\t\t<\/article>\n\t\t\t\t<article class=\"elementor-post elementor-grid-item post-1 post type-post status-publish format-standard has-post-thumbnail hentry category-bez-kategorii\">\n\t\t\t<div class=\"elementor-post__card\">\n\t\t\t\t<a class=\"elementor-post__thumbnail__link\" href=\"https:\/\/projektwitryny.pl\/eight\/lorem-ipsum-dolor-sit-amet\/\" tabindex=\"-1\" ><div class=\"elementor-post__thumbnail\"><img decoding=\"async\" width=\"1000\" height=\"667\" src=\"https:\/\/projektwitryny.pl\/eight\/wp-content\/uploads\/2023\/05\/handshake-close-up-executives.jpg\" class=\"attachment-full size-full wp-image-1430\" alt=\"\" srcset=\"https:\/\/projektwitryny.pl\/eight\/wp-content\/uploads\/2023\/05\/handshake-close-up-executives.jpg 1000w, https:\/\/projektwitryny.pl\/eight\/wp-content\/uploads\/2023\/05\/handshake-close-up-executives-300x200.jpg 300w, https:\/\/projektwitryny.pl\/eight\/wp-content\/uploads\/2023\/05\/handshake-close-up-executives-768x512.jpg 768w\" sizes=\"(max-width: 1000px) 100vw, 1000px\" \/><\/div><\/a>\n\t\t\t\t<div class=\"elementor-post__text\">\n\t\t\t\t<h3 class=\"elementor-post__title\">\n\t\t\t<a href=\"https:\/\/projektwitryny.pl\/eight\/lorem-ipsum-dolor-sit-amet\/\" >\n\t\t\t\tLorem ipsum dolor sit amet\t\t\t<\/a>\n\t\t<\/h3>\n\t\t\t\t<div class=\"elementor-post__excerpt\">\n\t\t\t<p>Lorem ipsum dolor sit amet, consectetur adipiscing elit Lorem ipsum dolor sit amet, consectetur adipiscing elit, sed do eiusmod tempor incididunt ut labore et dolore<\/p>\n\t\t<\/div>\n\t\t\n\t\t<a class=\"elementor-post__read-more\" href=\"https:\/\/projektwitryny.pl\/eight\/lorem-ipsum-dolor-sit-amet\/\" aria-label=\"Read more about Lorem ipsum dolor sit amet\" tabindex=\"-1\" >\n\t\t\tCzytaj dalej \u00bb\t\t<\/a>\n\n\t\t\t\t<\/div>\n\t\t\t\t\t<\/div>\n\t\t<\/article>\n\t\t\t\t<\/div>\n\t\t\n\t\t\t\t<\/div>\n\t\t\t\t<\/div>\n\t\t\t\t\t<\/div>\n\t\t<\/div>\n\t\t\t\t\t<\/div>\n\t\t<\/section>\n\t\t\t\t<section class=\"elementor-section elementor-top-section elementor-element elementor-element-5c4b4ff elementor-section-boxed elementor-section-height-default elementor-section-height-default\" data-id=\"5c4b4ff\" data-element_type=\"section\" data-settings=\"{&quot;background_background&quot;:&quot;classic&quot;}\">\n\t\t\t\t\t\t\t<div class=\"elementor-background-overlay\"><\/div>\n\t\t\t\t\t\t\t<div class=\"elementor-container elementor-column-gap-default\">\n\t\t\t\t\t<div class=\"elementor-column elementor-col-100 elementor-top-column elementor-element elementor-element-16e713d\" data-id=\"16e713d\" data-element_type=\"column\">\n\t\t\t<div class=\"elementor-widget-wrap elementor-element-populated\">\n\t\t\t\t\t\t<div class=\"elementor-element elementor-element-48bac60 elementor-widget elementor-widget-heading\" data-id=\"48bac60\" data-element_type=\"widget\" data-widget_type=\"heading.default\">\n\t\t\t\t<div class=\"elementor-widget-container\">\n\t\t\t<h2 class=\"elementor-heading-title elementor-size-default\">We are currently open for new projects.<\/h2>\t\t<\/div>\n\t\t\t\t<\/div>\n\t\t\t\t<div class=\"elementor-element elementor-element-7c5d284 elementor-widget elementor-widget-heading\" data-id=\"7c5d284\" data-element_type=\"widget\" data-widget_type=\"heading.default\">\n\t\t\t\t<div class=\"elementor-widget-container\">\n\t\t\t<h2 class=\"elementor-heading-title elementor-size-default\">Do\u0142\u0105cz ju\u017c dzi\u015b do grona zadowolonych klient\u00f3w<\/h2>\t\t<\/div>\n\t\t\t\t<\/div>\n\t\t\t\t<div class=\"elementor-element elementor-element-d5ef77c elementor-align-center elementor-widget elementor-widget-button\" data-id=\"d5ef77c\" data-element_type=\"widget\" data-widget_type=\"button.default\">\n\t\t\t\t<div class=\"elementor-widget-container\">\n\t\t\t\t\t<div class=\"elementor-button-wrapper\">\n\t\t\t<a class=\"elementor-button elementor-button-link elementor-size-sm elementor-animation-hang\" href=\"https:\/\/projektwitryny.pl\/eight\/kontakt\/\">\n\t\t\t\t\t\t<span class=\"elementor-button-content-wrapper\">\n\t\t\t\t\t\t<span class=\"elementor-button-text\">SKONTAKTUJ SI\u0118 Z NAMI<\/span>\n\t\t<\/span>\n\t\t\t\t\t<\/a>\n\t\t<\/div>\n\t\t\t\t<\/div>\n\t\t\t\t<\/div>\n\t\t\t\t\t<\/div>\n\t\t<\/div>\n\t\t\t\t\t<\/div>\n\t\t<\/section>\n\t\t\t\t<\/div>\n\t\t","protected":false},"excerpt":{"rendered":"<p>Blog Czytaj ostatnie wpisy na blogu We are currently open for new projects. Do\u0142\u0105cz ju\u017c dzi\u015b do grona zadowolonych klient\u00f3w SKONTAKTUJ SI\u0118 Z NAMI<\/p>\n","protected":false},"author":1,"featured_media":0,"parent":0,"menu_order":0,"comment_status":"closed","ping_status":"closed","template":"elementor_header_footer","meta":{"footnotes":""},"class_list":["post-68","page","type-page","status-publish","hentry"],"_links":{"self":[{"href":"https:\/\/projektwitryny.pl\/eight\/wp-json\/wp\/v2\/pages\/68","targetHints":{"allow":["GET"]}}],"collection":[{"href":"https:\/\/projektwitryny.pl\/eight\/wp-json\/wp\/v2\/pages"}],"about":[{"href":"https:\/\/projektwitryny.pl\/eight\/wp-json\/wp\/v2\/types\/page"}],"author":[{"embeddable":true,"href":"https:\/\/projektwitryny.pl\/eight\/wp-json\/wp\/v2\/users\/1"}],"replies":[{"embeddable":true,"href":"https:\/\/projektwitryny.pl\/eight\/wp-json\/wp\/v2\/comments?post=68"}],"version-history":[{"count":76,"href":"https:\/\/projektwitryny.pl\/eight\/wp-json\/wp\/v2\/pages\/68\/revisions"}],"predecessor-version":[{"id":1739,"href":"https:\/\/projektwitryny.pl\/eight\/wp-json\/wp\/v2\/pages\/68\/revisions\/1739"}],"wp:attachment":[{"href":"https:\/\/projektwitryny.pl\/eight\/wp-json\/wp\/v2\/media?parent=68"}],"curies":[{"name":"wp","href":"https:\/\/api.w.org\/{rel}","templated":true}]}}