{"id":70,"date":"2021-09-10T13:14:46","date_gmt":"2021-09-10T11:14:46","guid":{"rendered":"https:\/\/projektwitryny.pl\/eight\/?page_id=70"},"modified":"2023-05-02T11:29:30","modified_gmt":"2023-05-02T09:29:30","slug":"galeria","status":"publish","type":"page","link":"https:\/\/projektwitryny.pl\/eight\/galeria\/","title":{"rendered":"Galeria"},"content":{"rendered":"\t\t<div data-elementor-type=\"wp-page\" data-elementor-id=\"70\" class=\"elementor elementor-70\" data-elementor-post-type=\"page\">\n\t\t\t\t\t\t<section class=\"elementor-section elementor-top-section elementor-element elementor-element-d4460f6 elementor-section-boxed elementor-section-height-default elementor-section-height-default\" data-id=\"d4460f6\" data-element_type=\"section\" data-settings=\"{&quot;background_background&quot;:&quot;classic&quot;}\">\n\t\t\t\t\t\t\t<div class=\"elementor-background-overlay\"><\/div>\n\t\t\t\t\t\t\t<div class=\"elementor-container elementor-column-gap-default\">\n\t\t\t\t\t<div class=\"elementor-column elementor-col-100 elementor-top-column elementor-element elementor-element-7b056ab\" data-id=\"7b056ab\" data-element_type=\"column\">\n\t\t\t<div class=\"elementor-widget-wrap elementor-element-populated\">\n\t\t\t\t\t\t<div class=\"elementor-element elementor-element-4cdf19c elementor-headline--style-highlight elementor-invisible elementor-widget elementor-widget-animated-headline\" data-id=\"4cdf19c\" data-element_type=\"widget\" data-settings=\"{&quot;marker&quot;:&quot;underline&quot;,&quot;highlighted_text&quot;:&quot;Galeria&quot;,&quot;_animation&quot;:&quot;fadeInUp&quot;,&quot;headline_style&quot;:&quot;highlight&quot;,&quot;loop&quot;:&quot;yes&quot;,&quot;highlight_animation_duration&quot;:1200,&quot;highlight_iteration_delay&quot;:8000}\" data-widget_type=\"animated-headline.default\">\n\t\t\t\t<div class=\"elementor-widget-container\">\n\t\t\t\t\t<h1 class=\"elementor-headline\">\n\t\t\t\t<span class=\"elementor-headline-dynamic-wrapper elementor-headline-text-wrapper\">\n\t\t\t\t\t<span class=\"elementor-headline-dynamic-text elementor-headline-text-active\">Galeria<\/span>\n\t\t\t\t<\/span>\n\t\t\t\t<\/h1>\n\t\t\t\t<\/div>\n\t\t\t\t<\/div>\n\t\t\t\t\t<\/div>\n\t\t<\/div>\n\t\t\t\t\t<\/div>\n\t\t<\/section>\n\t\t\t\t<section class=\"elementor-section elementor-top-section elementor-element elementor-element-9f61928 elementor-section-boxed elementor-section-height-default elementor-section-height-default\" data-id=\"9f61928\" data-element_type=\"section\">\n\t\t\t\t\t\t<div class=\"elementor-container elementor-column-gap-default\">\n\t\t\t\t\t<div class=\"elementor-column elementor-col-100 elementor-top-column elementor-element elementor-element-f28a29f\" data-id=\"f28a29f\" data-element_type=\"column\">\n\t\t\t<div class=\"elementor-widget-wrap elementor-element-populated\">\n\t\t\t\t\t\t<div class=\"elementor-element elementor-element-b319df3 elementor-headline--style-highlight elementor-invisible elementor-widget elementor-widget-animated-headline\" data-id=\"b319df3\" data-element_type=\"widget\" data-settings=\"{&quot;marker&quot;:&quot;underline&quot;,&quot;highlighted_text&quot;:&quot;portfolio&quot;,&quot;_animation&quot;:&quot;fadeInUp&quot;,&quot;headline_style&quot;:&quot;highlight&quot;,&quot;loop&quot;:&quot;yes&quot;,&quot;highlight_animation_duration&quot;:1200,&quot;highlight_iteration_delay&quot;:8000}\" data-widget_type=\"animated-headline.default\">\n\t\t\t\t<div class=\"elementor-widget-container\">\n\t\t\t\t\t<h3 class=\"elementor-headline\">\n\t\t\t\t\t<span class=\"elementor-headline-plain-text elementor-headline-text-wrapper\">Nasze<\/span>\n\t\t\t\t<span class=\"elementor-headline-dynamic-wrapper elementor-headline-text-wrapper\">\n\t\t\t\t\t<span class=\"elementor-headline-dynamic-text elementor-headline-text-active\">portfolio<\/span>\n\t\t\t\t<\/span>\n\t\t\t\t\t<span class=\"elementor-headline-plain-text elementor-headline-text-wrapper\">m\u00f3wi wi\u0119cej ni\u017c s\u0142owa!<\/span>\n\t\t\t\t\t<\/h3>\n\t\t\t\t<\/div>\n\t\t\t\t<\/div>\n\t\t\t\t<div class=\"elementor-element elementor-element-8948d43 elementor-widget elementor-widget-gallery\" data-id=\"8948d43\" data-element_type=\"widget\" data-settings=\"{&quot;aspect_ratio&quot;:&quot;1:1&quot;,&quot;columns_tablet&quot;:3,&quot;gap&quot;:{&quot;unit&quot;:&quot;px&quot;,&quot;size&quot;:20,&quot;sizes&quot;:[]},&quot;columns&quot;:3,&quot;gap_tablet&quot;:{&quot;unit&quot;:&quot;px&quot;,&quot;size&quot;:20,&quot;sizes&quot;:[]},&quot;gap_mobile&quot;:{&quot;unit&quot;:&quot;px&quot;,&quot;size&quot;:20,&quot;sizes&quot;:[]},&quot;lazyload&quot;:&quot;yes&quot;,&quot;gallery_layout&quot;:&quot;grid&quot;,&quot;columns_mobile&quot;:1,&quot;link_to&quot;:&quot;file&quot;,&quot;overlay_background&quot;:&quot;yes&quot;,&quot;content_hover_animation&quot;:&quot;fade-in&quot;}\" data-widget_type=\"gallery.default\">\n\t\t\t\t<div class=\"elementor-widget-container\">\n\t\t\t\t\t<div class=\"elementor-gallery__container\">\n\t\t\t\t\t\t\t<a class=\"e-gallery-item elementor-gallery-item elementor-animated-content\" href=\"https:\/\/projektwitryny.pl\/eight\/wp-content\/uploads\/2023\/05\/crop-colleagues-using-laptop-table.jpg\" data-elementor-open-lightbox=\"yes\" data-elementor-lightbox-slideshow=\"8948d43\" data-e-action-hash=\"#elementor-action%3Aaction%3Dlightbox%26settings%3DeyJpZCI6MTQ0NywidXJsIjoiaHR0cHM6XC9cL3Byb2pla3R3aXRyeW55LnBsXC9laWdodFwvd3AtY29udGVudFwvdXBsb2Fkc1wvMjAyM1wvMDVcL2Nyb3AtY29sbGVhZ3Vlcy11c2luZy1sYXB0b3AtdGFibGUuanBnIiwic2xpZGVzaG93IjoiODk0OGQ0MyJ9\">\n\t\t\t\t\t<div class=\"e-gallery-image elementor-gallery-item__image\" data-thumbnail=\"https:\/\/projektwitryny.pl\/eight\/wp-content\/uploads\/2023\/05\/crop-colleagues-using-laptop-table.jpg\" data-width=\"1000\" data-height=\"667\" aria-label=\"\" role=\"img\" ><\/div>\n\t\t\t\t\t\t\t\t\t\t\t<div class=\"elementor-gallery-item__overlay\"><\/div>\n\t\t\t\t\t\t\t\t\t\t\t\t\t\t<\/a>\n\t\t\t\t\t\t\t<a class=\"e-gallery-item elementor-gallery-item elementor-animated-content\" href=\"https:\/\/projektwitryny.pl\/eight\/wp-content\/uploads\/2023\/05\/group-business-people-working-office.jpg\" data-elementor-open-lightbox=\"yes\" data-elementor-lightbox-slideshow=\"8948d43\" data-e-action-hash=\"#elementor-action%3Aaction%3Dlightbox%26settings%3DeyJpZCI6MTQ0OCwidXJsIjoiaHR0cHM6XC9cL3Byb2pla3R3aXRyeW55LnBsXC9laWdodFwvd3AtY29udGVudFwvdXBsb2Fkc1wvMjAyM1wvMDVcL2dyb3VwLWJ1c2luZXNzLXBlb3BsZS13b3JraW5nLW9mZmljZS5qcGciLCJzbGlkZXNob3ciOiI4OTQ4ZDQzIn0%3D\">\n\t\t\t\t\t<div class=\"e-gallery-image elementor-gallery-item__image\" data-thumbnail=\"https:\/\/projektwitryny.pl\/eight\/wp-content\/uploads\/2023\/05\/group-business-people-working-office.jpg\" data-width=\"1000\" data-height=\"667\" aria-label=\"\" role=\"img\" ><\/div>\n\t\t\t\t\t\t\t\t\t\t\t<div class=\"elementor-gallery-item__overlay\"><\/div>\n\t\t\t\t\t\t\t\t\t\t\t\t\t\t<\/a>\n\t\t\t\t\t\t\t<a class=\"e-gallery-item elementor-gallery-item elementor-animated-content\" href=\"https:\/\/projektwitryny.pl\/eight\/wp-content\/uploads\/2023\/05\/grupa-ludzi-biznesu-pracujacych-w-biurze-1.jpg\" data-elementor-open-lightbox=\"yes\" data-elementor-lightbox-slideshow=\"8948d43\" data-e-action-hash=\"#elementor-action%3Aaction%3Dlightbox%26settings%3DeyJpZCI6MTQ0OSwidXJsIjoiaHR0cHM6XC9cL3Byb2pla3R3aXRyeW55LnBsXC9laWdodFwvd3AtY29udGVudFwvdXBsb2Fkc1wvMjAyM1wvMDVcL2dydXBhLWx1ZHppLWJpem5lc3UtcHJhY3VqYWN5Y2gtdy1iaXVyemUtMS5qcGciLCJzbGlkZXNob3ciOiI4OTQ4ZDQzIn0%3D\">\n\t\t\t\t\t<div class=\"e-gallery-image elementor-gallery-item__image\" data-thumbnail=\"https:\/\/projektwitryny.pl\/eight\/wp-content\/uploads\/2023\/05\/grupa-ludzi-biznesu-pracujacych-w-biurze-1.jpg\" data-width=\"1000\" data-height=\"667\" aria-label=\"\" role=\"img\" ><\/div>\n\t\t\t\t\t\t\t\t\t\t\t<div class=\"elementor-gallery-item__overlay\"><\/div>\n\t\t\t\t\t\t\t\t\t\t\t\t\t\t<\/a>\n\t\t\t\t\t\t\t<a class=\"e-gallery-item elementor-gallery-item elementor-animated-content\" href=\"https:\/\/projektwitryny.pl\/eight\/wp-content\/uploads\/2023\/05\/spotkanie-biznesowe.jpg\" data-elementor-open-lightbox=\"yes\" data-elementor-lightbox-slideshow=\"8948d43\" data-e-action-hash=\"#elementor-action%3Aaction%3Dlightbox%26settings%3DeyJpZCI6MTQ1MCwidXJsIjoiaHR0cHM6XC9cL3Byb2pla3R3aXRyeW55LnBsXC9laWdodFwvd3AtY29udGVudFwvdXBsb2Fkc1wvMjAyM1wvMDVcL3Nwb3RrYW5pZS1iaXpuZXNvd2UuanBnIiwic2xpZGVzaG93IjoiODk0OGQ0MyJ9\">\n\t\t\t\t\t<div class=\"e-gallery-image elementor-gallery-item__image\" data-thumbnail=\"https:\/\/projektwitryny.pl\/eight\/wp-content\/uploads\/2023\/05\/spotkanie-biznesowe.jpg\" data-width=\"1920\" data-height=\"1171\" aria-label=\"\" role=\"img\" ><\/div>\n\t\t\t\t\t\t\t\t\t\t\t<div class=\"elementor-gallery-item__overlay\"><\/div>\n\t\t\t\t\t\t\t\t\t\t\t\t\t\t<\/a>\n\t\t\t\t\t\t\t<a class=\"e-gallery-item elementor-gallery-item elementor-animated-content\" href=\"https:\/\/projektwitryny.pl\/eight\/wp-content\/uploads\/2023\/05\/widok-z-boku-przyciete-nie-do-poznania-ludzi-biznesu-pracujacych-przy-wspolnym-biurku.jpg\" data-elementor-open-lightbox=\"yes\" data-elementor-lightbox-slideshow=\"8948d43\" data-e-action-hash=\"#elementor-action%3Aaction%3Dlightbox%26settings%3DeyJpZCI6MTQ1MSwidXJsIjoiaHR0cHM6XC9cL3Byb2pla3R3aXRyeW55LnBsXC9laWdodFwvd3AtY29udGVudFwvdXBsb2Fkc1wvMjAyM1wvMDVcL3dpZG9rLXotYm9rdS1wcnp5Y2lldGUtbmllLWRvLXBvem5hbmlhLWx1ZHppLWJpem5lc3UtcHJhY3VqYWN5Y2gtcHJ6eS13c3BvbG55bS1iaXVya3UuanBnIiwic2xpZGVzaG93IjoiODk0OGQ0MyJ9\">\n\t\t\t\t\t<div class=\"e-gallery-image elementor-gallery-item__image\" data-thumbnail=\"https:\/\/projektwitryny.pl\/eight\/wp-content\/uploads\/2023\/05\/widok-z-boku-przyciete-nie-do-poznania-ludzi-biznesu-pracujacych-przy-wspolnym-biurku.jpg\" data-width=\"1000\" data-height=\"667\" aria-label=\"\" role=\"img\" ><\/div>\n\t\t\t\t\t\t\t\t\t\t\t<div class=\"elementor-gallery-item__overlay\"><\/div>\n\t\t\t\t\t\t\t\t\t\t\t\t\t\t<\/a>\n\t\t\t\t\t\t\t<a class=\"e-gallery-item elementor-gallery-item elementor-animated-content\" href=\"https:\/\/projektwitryny.pl\/eight\/wp-content\/uploads\/2023\/05\/handshake-close-up-executives.jpg\" data-elementor-open-lightbox=\"yes\" data-elementor-lightbox-slideshow=\"8948d43\" data-e-action-hash=\"#elementor-action%3Aaction%3Dlightbox%26settings%3DeyJpZCI6MTQzMCwidXJsIjoiaHR0cHM6XC9cL3Byb2pla3R3aXRyeW55LnBsXC9laWdodFwvd3AtY29udGVudFwvdXBsb2Fkc1wvMjAyM1wvMDVcL2hhbmRzaGFrZS1jbG9zZS11cC1leGVjdXRpdmVzLmpwZyIsInNsaWRlc2hvdyI6Ijg5NDhkNDMifQ%3D%3D\">\n\t\t\t\t\t<div class=\"e-gallery-image elementor-gallery-item__image\" data-thumbnail=\"https:\/\/projektwitryny.pl\/eight\/wp-content\/uploads\/2023\/05\/handshake-close-up-executives.jpg\" data-width=\"1000\" data-height=\"667\" aria-label=\"\" role=\"img\" ><\/div>\n\t\t\t\t\t\t\t\t\t\t\t<div class=\"elementor-gallery-item__overlay\"><\/div>\n\t\t\t\t\t\t\t\t\t\t\t\t\t\t<\/a>\n\t\t\t\t\t<\/div>\n\t\t\t<\/div>\n\t\t\t\t<\/div>\n\t\t\t\t\t<\/div>\n\t\t<\/div>\n\t\t\t\t\t<\/div>\n\t\t<\/section>\n\t\t\t\t<section class=\"elementor-section elementor-top-section elementor-element elementor-element-a5c94a8 elementor-section-boxed elementor-section-height-default elementor-section-height-default\" data-id=\"a5c94a8\" data-element_type=\"section\" data-settings=\"{&quot;background_background&quot;:&quot;classic&quot;}\">\n\t\t\t\t\t\t\t<div class=\"elementor-background-overlay\"><\/div>\n\t\t\t\t\t\t\t<div class=\"elementor-container elementor-column-gap-default\">\n\t\t\t\t\t<div class=\"elementor-column elementor-col-100 elementor-top-column elementor-element elementor-element-0ffb46d\" data-id=\"0ffb46d\" data-element_type=\"column\">\n\t\t\t<div class=\"elementor-widget-wrap elementor-element-populated\">\n\t\t\t\t\t\t<div class=\"elementor-element elementor-element-e751ea9 elementor-widget elementor-widget-heading\" data-id=\"e751ea9\" data-element_type=\"widget\" data-widget_type=\"heading.default\">\n\t\t\t\t<div class=\"elementor-widget-container\">\n\t\t\t<h2 class=\"elementor-heading-title elementor-size-default\">We are currently open for new projects.<\/h2>\t\t<\/div>\n\t\t\t\t<\/div>\n\t\t\t\t<div class=\"elementor-element elementor-element-d676187 elementor-widget elementor-widget-heading\" data-id=\"d676187\" data-element_type=\"widget\" data-widget_type=\"heading.default\">\n\t\t\t\t<div class=\"elementor-widget-container\">\n\t\t\t<h2 class=\"elementor-heading-title elementor-size-default\">Do\u0142\u0105cz ju\u017c dzi\u015b do grona zadowolonych klient\u00f3w<\/h2>\t\t<\/div>\n\t\t\t\t<\/div>\n\t\t\t\t<div class=\"elementor-element elementor-element-7005ca8 elementor-align-center elementor-widget elementor-widget-button\" data-id=\"7005ca8\" data-element_type=\"widget\" data-widget_type=\"button.default\">\n\t\t\t\t<div class=\"elementor-widget-container\">\n\t\t\t\t\t<div class=\"elementor-button-wrapper\">\n\t\t\t<a class=\"elementor-button elementor-button-link elementor-size-sm elementor-animation-hang\" href=\"https:\/\/projektwitryny.pl\/eight\/kontakt\/\">\n\t\t\t\t\t\t<span class=\"elementor-button-content-wrapper\">\n\t\t\t\t\t\t<span class=\"elementor-button-text\">SKONTAKTUJ SI\u0118 Z NAMI<\/span>\n\t\t<\/span>\n\t\t\t\t\t<\/a>\n\t\t<\/div>\n\t\t\t\t<\/div>\n\t\t\t\t<\/div>\n\t\t\t\t\t<\/div>\n\t\t<\/div>\n\t\t\t\t\t<\/div>\n\t\t<\/section>\n\t\t\t\t<\/div>\n\t\t","protected":false},"excerpt":{"rendered":"<p>Galeria Nasze portfolio m\u00f3wi wi\u0119cej ni\u017c s\u0142owa! We are currently open for new projects. Do\u0142\u0105cz ju\u017c dzi\u015b do grona zadowolonych klient\u00f3w SKONTAKTUJ SI\u0118 Z NAMI<\/p>\n","protected":false},"author":1,"featured_media":0,"parent":0,"menu_order":0,"comment_status":"closed","ping_status":"closed","template":"elementor_header_footer","meta":{"footnotes":""},"class_list":["post-70","page","type-page","status-publish","hentry"],"_links":{"self":[{"href":"https:\/\/projektwitryny.pl\/eight\/wp-json\/wp\/v2\/pages\/70","targetHints":{"allow":["GET"]}}],"collection":[{"href":"https:\/\/projektwitryny.pl\/eight\/wp-json\/wp\/v2\/pages"}],"about":[{"href":"https:\/\/projektwitryny.pl\/eight\/wp-json\/wp\/v2\/types\/page"}],"author":[{"embeddable":true,"href":"https:\/\/projektwitryny.pl\/eight\/wp-json\/wp\/v2\/users\/1"}],"replies":[{"embeddable":true,"href":"https:\/\/projektwitryny.pl\/eight\/wp-json\/wp\/v2\/comments?post=70"}],"version-history":[{"count":72,"href":"https:\/\/projektwitryny.pl\/eight\/wp-json\/wp\/v2\/pages\/70\/revisions"}],"predecessor-version":[{"id":1745,"href":"https:\/\/projektwitryny.pl\/eight\/wp-json\/wp\/v2\/pages\/70\/revisions\/1745"}],"wp:attachment":[{"href":"https:\/\/projektwitryny.pl\/eight\/wp-json\/wp\/v2\/media?parent=70"}],"curies":[{"name":"wp","href":"https:\/\/api.w.org\/{rel}","templated":true}]}}