{"id":1987,"date":"2024-06-19T12:35:39","date_gmt":"2024-06-19T10:35:39","guid":{"rendered":"https:\/\/projektwitryny.pl\/fifteen\/?page_id=1987"},"modified":"2024-06-24T17:28:05","modified_gmt":"2024-06-24T15:28:05","slug":"o-nas","status":"publish","type":"page","link":"https:\/\/projektwitryny.pl\/fifteen\/o-nas\/","title":{"rendered":"O nas"},"content":{"rendered":"\t\t<div data-elementor-type=\"wp-page\" data-elementor-id=\"1987\" class=\"elementor elementor-1987\" data-elementor-post-type=\"page\">\n\t\t\t\t\t\t<section class=\"elementor-section elementor-top-section elementor-element elementor-element-1d657ee elementor-section-boxed elementor-section-height-default elementor-section-height-default\" data-id=\"1d657ee\" data-element_type=\"section\" data-settings=\"{&quot;background_background&quot;:&quot;classic&quot;}\">\n\t\t\t\t\t\t\t<div class=\"elementor-background-overlay\"><\/div>\n\t\t\t\t\t\t\t<div class=\"elementor-container elementor-column-gap-default\">\n\t\t\t\t\t<div class=\"elementor-column elementor-col-100 elementor-top-column elementor-element elementor-element-4cc0ab4\" data-id=\"4cc0ab4\" data-element_type=\"column\">\n\t\t\t<div class=\"elementor-widget-wrap elementor-element-populated\">\n\t\t\t\t\t\t<div class=\"elementor-element elementor-element-e63d67b elementor-widget-divider--view-line elementor-widget elementor-widget-divider\" data-id=\"e63d67b\" data-element_type=\"widget\" data-widget_type=\"divider.default\">\n\t\t\t\t<div class=\"elementor-widget-container\">\n\t\t\t\t\t<div class=\"elementor-divider\">\n\t\t\t<span class=\"elementor-divider-separator\">\n\t\t\t\t\t\t<\/span>\n\t\t<\/div>\n\t\t\t\t<\/div>\n\t\t\t\t<\/div>\n\t\t\t\t\t<\/div>\n\t\t<\/div>\n\t\t\t\t\t<\/div>\n\t\t<\/section>\n\t\t\t\t<section class=\"elementor-section elementor-top-section elementor-element elementor-element-1b52bd2 elementor-section-boxed elementor-section-height-default elementor-section-height-default\" data-id=\"1b52bd2\" data-element_type=\"section\" data-settings=\"{&quot;background_background&quot;:&quot;classic&quot;}\">\n\t\t\t\t\t\t<div class=\"elementor-container elementor-column-gap-default\">\n\t\t\t\t\t<div class=\"elementor-column elementor-col-100 elementor-top-column elementor-element elementor-element-83e13bf\" data-id=\"83e13bf\" data-element_type=\"column\">\n\t\t\t<div class=\"elementor-widget-wrap elementor-element-populated\">\n\t\t\t\t\t\t<section class=\"elementor-section elementor-inner-section elementor-element elementor-element-0dd28b1 elementor-section-boxed elementor-section-height-default elementor-section-height-default\" data-id=\"0dd28b1\" data-element_type=\"section\">\n\t\t\t\t\t\t<div class=\"elementor-container elementor-column-gap-default\">\n\t\t\t\t\t<div class=\"elementor-column elementor-col-33 elementor-inner-column elementor-element elementor-element-ac63f6b\" data-id=\"ac63f6b\" data-element_type=\"column\">\n\t\t\t<div class=\"elementor-widget-wrap\">\n\t\t\t\t\t\t\t<\/div>\n\t\t<\/div>\n\t\t\t\t<div class=\"elementor-column elementor-col-33 elementor-inner-column elementor-element elementor-element-3cc0693\" data-id=\"3cc0693\" data-element_type=\"column\">\n\t\t\t<div class=\"elementor-widget-wrap elementor-element-populated\">\n\t\t\t\t\t\t<div class=\"elementor-element elementor-element-4782c3a elementor-widget elementor-widget-ucaddon_sideways_vertical_text\" data-id=\"4782c3a\" data-element_type=\"widget\" data-widget_type=\"ucaddon_sideways_vertical_text.default\">\n\t\t\t\t<div class=\"elementor-widget-container\">\n\t\t\t<!-- start Sideways Vertical Text -->\n\t\t\t<style type=\"text\/css\">\/* widget: Sideways Vertical Text *\/\n\n#uc_sideways_vertical_text_elementor_4782c3a\n{\n  writing-mode: vertical-rl;\n  text-orientation: mixed;\n  color:#00B7C7;\n  text-decoration:none;\n  display:flex;\n  justify-content:center;\n  align-items:center;\n  white-space: nowrap;\n  \n  \n\ttransform: rotate(180deg);  \n\t\n\n  \n}\n\n<\/style>\n\n\t\t\t\t\n<div id=\"uc_sideways_vertical_text_elementor_4782c3a\" class=\"sideways_vertical_text\">\n\n  \n\n\n    O NAS\n  \n\n  \n  \n<\/div>\n      \n\n\t\t\t<!-- end Sideways Vertical Text -->\t\t<\/div>\n\t\t\t\t<\/div>\n\t\t\t\t\t<\/div>\n\t\t<\/div>\n\t\t\t\t<div class=\"elementor-column elementor-col-33 elementor-inner-column elementor-element elementor-element-5e91564\" data-id=\"5e91564\" data-element_type=\"column\">\n\t\t\t<div class=\"elementor-widget-wrap elementor-element-populated\">\n\t\t\t\t\t\t<div class=\"elementor-element elementor-element-3c4cb84 elementor-widget elementor-widget-elementskit-heading\" data-id=\"3c4cb84\" data-element_type=\"widget\" data-widget_type=\"elementskit-heading.default\">\n\t\t\t\t<div class=\"elementor-widget-container\">\n\t\t\t<div class=\"ekit-wid-con\" ><div class=\"ekit-heading elementskit-section-title-wraper text_left   ekit_heading_tablet-   ekit_heading_mobile-\"><p class=\"ekit-heading--title elementskit-section-title \">Strona <span>internetowa na szablonie<\/span> to idealne rozwi\u0105zanie dla tych, kt\u00f3rzy maj\u0105 ograniczony bud\u017cet a jednocze\u015bnie chc\u0105 posiada\u0107 \u0142adn\u0105 i nowoczesn\u0105 stron\u0119 internetow\u0105.<\/p><\/div><\/div>\t\t<\/div>\n\t\t\t\t<\/div>\n\t\t\t\t<div class=\"elementor-element elementor-element-65e0f00 elementor-widget elementor-widget-button\" data-id=\"65e0f00\" data-element_type=\"widget\" data-widget_type=\"button.default\">\n\t\t\t\t<div class=\"elementor-widget-container\">\n\t\t\t\t\t<div class=\"elementor-button-wrapper\">\n\t\t\t<a class=\"elementor-button elementor-button-link elementor-size-sm\" href=\"https:\/\/projektwitryny.pl\/fifteen\/kontakt\/\">\n\t\t\t\t\t\t<span class=\"elementor-button-content-wrapper\">\n\t\t\t\t\t\t\t\t\t<span class=\"elementor-button-text\">SKONTAKTUJ SI\u0118 Z NAMI<\/span>\n\t\t\t\t\t<\/span>\n\t\t\t\t\t<\/a>\n\t\t<\/div>\n\t\t\t\t<\/div>\n\t\t\t\t<\/div>\n\t\t\t\t\t<\/div>\n\t\t<\/div>\n\t\t\t\t\t<\/div>\n\t\t<\/section>\n\t\t\t\t<section class=\"elementor-section elementor-inner-section elementor-element elementor-element-246c83b elementor-section-boxed elementor-section-height-default elementor-section-height-default\" data-id=\"246c83b\" data-element_type=\"section\">\n\t\t\t\t\t\t<div class=\"elementor-container elementor-column-gap-default\">\n\t\t\t\t\t<div class=\"elementor-column elementor-col-100 elementor-inner-column elementor-element elementor-element-089980c\" data-id=\"089980c\" data-element_type=\"column\">\n\t\t\t<div class=\"elementor-widget-wrap elementor-element-populated\">\n\t\t\t\t\t\t<div class=\"elementor-element elementor-element-0c3ce11 elementor-widget elementor-widget-ucaddon_team_member_grid\" data-id=\"0c3ce11\" data-element_type=\"widget\" data-widget_type=\"ucaddon_team_member_grid.default\">\n\t\t\t\t<div class=\"elementor-widget-container\">\n\t\t\t<!-- start Team Member Grid -->\n\t\t<link id='font-awesome-css' href='https:\/\/projektwitryny.pl\/fifteen\/wp-content\/plugins\/unlimited-elements-for-elementor-premium\/assets_libraries\/font-awesome5\/css\/fontawesome-all.min.css' type='text\/css' rel='stylesheet' >\n\t\t<link id='font-awesome-4-shim-css' href='https:\/\/projektwitryny.pl\/fifteen\/wp-content\/plugins\/unlimited-elements-for-elementor-premium\/assets_libraries\/font-awesome5\/css\/fontawesome-v4-shims.css' type='text\/css' rel='stylesheet' >\n\n\t\t\t<style type=\"text\/css\">\/* widget: Team Member Grid *\/\n\n\n\n#uc_team_member_grid_elementor_0c3ce11 *{\n  box-sizing:border-box;\n}\n#uc_team_member_grid_elementor_0c3ce11\n{\n  position:relative;\n  display:grid;\n}\n\n\n#uc_team_member_grid_elementor_0c3ce11 .team_member_grid_image_container\n{\n  display:inline-block;\n  overflow:hidden;\n  position:relative;\n  vertical-align:bottom;\n}\n\n\n#uc_team_member_grid_elementor_0c3ce11 .team_member_grid_image\n{\n  vertical-align:bottom;\n}\n\n#uc_team_member_grid_elementor_0c3ce11 .team_member_grid_image img\n{\n  object-fit:cover;\n  width:100%;\n  display:block;\n  transition:0.5s;\n  vertical-align:bottom;\n}\n#uc_team_member_grid_elementor_0c3ce11 .ue_grid_item\n{\n  position:relative;\n  overflow:hidden;  display:flex;\n  flex-direction:column;\n\n}\n.team_member_grid_title\n{\n  font-size:18px;\n}\n\n#uc_team_member_grid_elementor_0c3ce11 .team_member_grid_icons a\n{\n  display:inline-flex;\n  text-decoration:none;\n  align-items:center;\n  justify-content:center;\n  line-height:1em;\n  transition:0.3s;\n}\n\n#uc_team_member_grid_elementor_0c3ce11 .team_member_grid_icons a svg\n{\n  width:1em;\n  height:1em;\n}\n\n#uc_team_member_grid_elementor_0c3ce11 .uc_more_btn\n{\n  transition:0.3s;\n  text-align:center;\n  text-decoration:none;\n}\n\n#uc_team_member_grid_elementor_0c3ce11 .team_member_grid_image_overlay\n{\n  position:absolute;\n  top:0;\n  left:0;\n  transition:0.3s;\n  display:flex;\n  flex-direction:column;\n  justify-content:center;\n  align-items:center;\n}\n\n#uc_team_member_grid_elementor_0c3ce11 .team_member_grid_content\n{\n  display:flex;\n  flex-direction:column;\n  flex-grow: 1;\n}\n\n\n#uc_team_member_grid_elementor_0c3ce11 .team_member_grid_content .team_member_grid_text\n{\nflex-grow: 1;\n}\n\n#uc_team_member_grid_elementor_0c3ce11 .team_member_grid_content .team_member_grid_icons\n{\n  margin-top:auto;\n}\n\n#uc_team_member_grid_elementor_0c3ce11 .ue-company-logo img\n{\n  width:100%;\n}\n\n\n<\/style>\n\n\t\t\t<div id=\"uc_team_member_grid_elementor_0c3ce11\" class=\"team_member_grid uc-items-wrapper  \" >\n  \n<div class=\"ue_grid_item\">\n  <div class=\"team_member_grid_header\">\n    \n          <div class=\"team_member_grid_image\">\n        <div class=\"team_member_grid_image_container\">\n          <img decoding=\"async\" src=\"https:\/\/projektwitryny.pl\/fifteen\/wp-content\/uploads\/2022\/02\/p-n-002-90x90-1.jpg\" alt=\"p-n-002-90x90\"  src=\"https:\/\/projektwitryny.pl\/fifteen\/wp-content\/uploads\/2022\/02\/p-n-002-90x90-1.jpg\" alt=\"p-n-002-90x90\" width=\"90\" height=\"90\">\n          <div class=\"team_member_grid_image_overlay\">\n            \t\n                                  <\/div>\n        <\/div>\n      <\/div>\n    \n    \t\n    \t\n          \n        \n  <\/div>\n  \n  <div class=\"team_member_grid_content\">\n        \n    <div class=\"team_member_grid_title\">Karol Majewski<\/div>\t\n    <div class=\"team_member_grid_subtitle\">Web Creator<\/div>        \n    \n    <div class=\"team_member_grid_text\">Plan, create and code internet sites and web pages.<\/div>\t\n    <div class=\"team_member_grid_icons\">\n  <a class=\"\" href=\"#\" ><i class='fab fa-facebook-f'><\/i><\/a>\t\n  <a class=\"\" href=\"#\" ><i class='fab fa-twitter'><\/i><\/a>\t\n  <a class=\"\" href=\"#\" ><i class='fab fa-instagram'><\/i><\/a>\t\n  \t\n<\/div>\n    \n        \n  <\/div>\n  \n    \n<\/div>\n\n<div class=\"ue_grid_item\">\n  <div class=\"team_member_grid_header\">\n    \n          <div class=\"team_member_grid_image\">\n        <div class=\"team_member_grid_image_container\">\n          <img fetchpriority=\"high\" decoding=\"async\" src=\"https:\/\/projektwitryny.pl\/fifteen\/wp-content\/uploads\/2022\/02\/portr002-768x768.jpg\" alt=\"portr002\"  src=\"https:\/\/projektwitryny.pl\/fifteen\/wp-content\/uploads\/2022\/02\/portr002-768x768.jpg\" alt=\"portr002\" width=\"768\" height=\"768\">\n          <div class=\"team_member_grid_image_overlay\">\n            \t\n                                  <\/div>\n        <\/div>\n      <\/div>\n    \n    \t\n    \t\n          \n        \n  <\/div>\n  \n  <div class=\"team_member_grid_content\">\n        \n    <div class=\"team_member_grid_title\">Karolina W\u0142odarczyk<\/div>\t\n    <div class=\"team_member_grid_subtitle\">Web Creator<\/div>        \n    \n    <div class=\"team_member_grid_text\">Plan, create and code internet sites and web pages.<\/div>\t\n    <div class=\"team_member_grid_icons\">\n  <a class=\"\" href=\"#\" ><i class='fab fa-facebook-f'><\/i><\/a>\t\n  <a class=\"\" href=\"#\" ><i class='fab fa-twitter'><\/i><\/a>\t\n  <a class=\"\" href=\"#\" ><i class='fab fa-instagram'><\/i><\/a>\t\n  \t\n<\/div>\n    \n        \n  <\/div>\n  \n    \n<\/div>\n\n<div class=\"ue_grid_item\">\n  <div class=\"team_member_grid_header\">\n    \n          <div class=\"team_member_grid_image\">\n        <div class=\"team_member_grid_image_container\">\n          <img decoding=\"async\" src=\"https:\/\/projektwitryny.pl\/fifteen\/wp-content\/uploads\/2022\/02\/people-1.jpg\" alt=\"people-1\"  src=\"https:\/\/projektwitryny.pl\/fifteen\/wp-content\/uploads\/2022\/02\/people-1.jpg\" alt=\"people-1\" width=\"300\" height=\"312\">\n          <div class=\"team_member_grid_image_overlay\">\n            \t\n                                  <\/div>\n        <\/div>\n      <\/div>\n    \n    \t\n    \t\n          \n        \n  <\/div>\n  \n  <div class=\"team_member_grid_content\">\n        \n    <div class=\"team_member_grid_title\">Paulina Jankowska<\/div>\t\n    <div class=\"team_member_grid_subtitle\">Web Creator<\/div>        \n    \n    <div class=\"team_member_grid_text\">Plan, create and code internet sites and web pages.<\/div>\t\n    <div class=\"team_member_grid_icons\">\n  <a class=\"\" href=\"#\" ><i class='fab fa-facebook-f'><\/i><\/a>\t\n  <a class=\"\" href=\"#\" ><i class='fab fa-twitter'><\/i><\/a>\t\n  <a class=\"\" href=\"#\" ><i class='fab fa-instagram'><\/i><\/a>\t\n  \t\n<\/div>\n    \n        \n  <\/div>\n  \n    \n<\/div>\n\n<\/div>\n\t\t\t<!-- end Team Member Grid -->\t\t<\/div>\n\t\t\t\t<\/div>\n\t\t\t\t\t<\/div>\n\t\t<\/div>\n\t\t\t\t\t<\/div>\n\t\t<\/section>\n\t\t\t\t\t<\/div>\n\t\t<\/div>\n\t\t\t\t\t<\/div>\n\t\t<\/section>\n\t\t\t\t<\/div>\n\t\t","protected":false},"excerpt":{"rendered":"<p>O NAS Strona internetowa na szablonie to idealne rozwi\u0105zanie dla tych, kt\u00f3rzy maj\u0105 ograniczony bud\u017cet a jednocze\u015bnie chc\u0105 posiada\u0107 \u0142adn\u0105 i nowoczesn\u0105 stron\u0119 internetow\u0105. SKONTAKTUJ SI\u0118 Z NAMI Karol Majewski Web Creator Plan, create and code internet sites and web pages. Karolina W\u0142odarczyk Web Creator Plan, create and code internet sites and web pages. Paulina [&hellip;]<\/p>\n","protected":false},"author":1,"featured_media":0,"parent":0,"menu_order":0,"comment_status":"closed","ping_status":"closed","template":"","meta":{"inline_featured_image":false,"footnotes":""},"class_list":["post-1987","page","type-page","status-publish","hentry"],"_links":{"self":[{"href":"https:\/\/projektwitryny.pl\/fifteen\/wp-json\/wp\/v2\/pages\/1987","targetHints":{"allow":["GET"]}}],"collection":[{"href":"https:\/\/projektwitryny.pl\/fifteen\/wp-json\/wp\/v2\/pages"}],"about":[{"href":"https:\/\/projektwitryny.pl\/fifteen\/wp-json\/wp\/v2\/types\/page"}],"author":[{"embeddable":true,"href":"https:\/\/projektwitryny.pl\/fifteen\/wp-json\/wp\/v2\/users\/1"}],"replies":[{"embeddable":true,"href":"https:\/\/projektwitryny.pl\/fifteen\/wp-json\/wp\/v2\/comments?post=1987"}],"version-history":[{"count":31,"href":"https:\/\/projektwitryny.pl\/fifteen\/wp-json\/wp\/v2\/pages\/1987\/revisions"}],"predecessor-version":[{"id":2583,"href":"https:\/\/projektwitryny.pl\/fifteen\/wp-json\/wp\/v2\/pages\/1987\/revisions\/2583"}],"wp:attachment":[{"href":"https:\/\/projektwitryny.pl\/fifteen\/wp-json\/wp\/v2\/media?parent=1987"}],"curies":[{"name":"wp","href":"https:\/\/api.w.org\/{rel}","templated":true}]}}