{"id":1677,"date":"2024-06-17T13:33:11","date_gmt":"2024-06-17T11:33:11","guid":{"rendered":"https:\/\/projektwitryny.pl\/three\/?page_id=1677"},"modified":"2025-12-18T08:38:02","modified_gmt":"2025-12-18T07:38:02","slug":"faq","status":"publish","type":"page","link":"https:\/\/projektwitryny.pl\/three\/faq\/","title":{"rendered":"Faq"},"content":{"rendered":"\t\t<div data-elementor-type=\"wp-page\" data-elementor-id=\"1677\" class=\"elementor elementor-1677\" data-elementor-post-type=\"page\">\n\t\t\t\t\t\t<section class=\"elementor-section elementor-top-section elementor-element elementor-element-a72edb0 elementor-section-boxed elementor-section-height-default elementor-section-height-default\" data-id=\"a72edb0\" data-element_type=\"section\" data-e-type=\"section\" data-settings=\"{&quot;background_background&quot;:&quot;classic&quot;}\">\n\t\t\t\t\t\t\t<div class=\"elementor-background-overlay\"><\/div>\n\t\t\t\t\t\t\t<div class=\"elementor-container elementor-column-gap-default\">\n\t\t\t\t\t<div class=\"elementor-column elementor-col-50 elementor-top-column elementor-element elementor-element-9878960\" data-id=\"9878960\" data-element_type=\"column\" data-e-type=\"column\">\n\t\t\t<div class=\"elementor-widget-wrap elementor-element-populated\">\n\t\t\t\t\t\t<div class=\"elementor-element elementor-element-ee6bb73 elementor-widget elementor-widget-elementskit-breadcrumb\" data-id=\"ee6bb73\" data-element_type=\"widget\" data-e-type=\"widget\" data-settings=\"{&quot;ekit_we_effect_on&quot;:&quot;none&quot;}\" data-widget_type=\"elementskit-breadcrumb.default\">\n\t\t\t\t<div class=\"elementor-widget-container\">\n\t\t\t\t\t<div class=\"ekit-wid-con\" ><ol class=\"ekit-breadcrumb\"><li class=\"ekit_breadcrumbs_start\"><a href=\"https:\/\/projektwitryny.pl\/three\">Home<\/a><\/li><\/ol><\/div>\t\t\t\t<\/div>\n\t\t\t\t<\/div>\n\t\t\t\t\t<\/div>\n\t\t<\/div>\n\t\t\t\t<div class=\"elementor-column elementor-col-50 elementor-top-column elementor-element elementor-element-5df4aab\" data-id=\"5df4aab\" data-element_type=\"column\" data-e-type=\"column\">\n\t\t\t<div class=\"elementor-widget-wrap\">\n\t\t\t\t\t\t\t<\/div>\n\t\t<\/div>\n\t\t\t\t\t<\/div>\n\t\t<\/section>\n\t\t\t\t<section class=\"elementor-section elementor-top-section elementor-element elementor-element-24fa9b0 elementor-section-boxed elementor-section-height-default elementor-section-height-default\" data-id=\"24fa9b0\" data-element_type=\"section\" data-e-type=\"section\" data-settings=\"{&quot;background_background&quot;:&quot;classic&quot;,&quot;ekit_has_onepagescroll_dot&quot;:&quot;yes&quot;}\">\n\t\t\t\t\t\t\t<div class=\"elementor-background-overlay\"><\/div>\n\t\t\t\t\t\t\t<div class=\"elementor-container elementor-column-gap-default\">\n\t\t\t\t\t<div class=\"elementor-column elementor-col-100 elementor-top-column elementor-element elementor-element-2f773f2\" data-id=\"2f773f2\" data-element_type=\"column\" data-e-type=\"column\">\n\t\t\t<div class=\"elementor-widget-wrap elementor-element-populated\">\n\t\t\t\t\t\t<section class=\"elementor-section elementor-inner-section elementor-element elementor-element-25540c5 elementor-section-boxed elementor-section-height-default elementor-section-height-default\" data-id=\"25540c5\" data-element_type=\"section\" data-e-type=\"section\" data-settings=\"{&quot;ekit_has_onepagescroll_dot&quot;:&quot;yes&quot;}\">\n\t\t\t\t\t\t<div class=\"elementor-container elementor-column-gap-default\">\n\t\t\t\t\t<div class=\"elementor-column elementor-col-100 elementor-inner-column elementor-element elementor-element-b9a59d6\" data-id=\"b9a59d6\" data-element_type=\"column\" data-e-type=\"column\">\n\t\t\t<div class=\"elementor-widget-wrap elementor-element-populated\">\n\t\t\t\t\t\t<div class=\"elementor-element elementor-element-20d0717 elementor-align-center elementor-widget elementor-widget-button\" data-id=\"20d0717\" data-element_type=\"widget\" data-e-type=\"widget\" data-settings=\"{&quot;ekit_we_effect_on&quot;:&quot;none&quot;}\" data-widget_type=\"button.default\">\n\t\t\t\t<div class=\"elementor-widget-container\">\n\t\t\t\t\t\t\t\t\t<div class=\"elementor-button-wrapper\">\n\t\t\t\t\t<a class=\"elementor-button elementor-size-sm\" role=\"button\">\n\t\t\t\t\t\t<span class=\"elementor-button-content-wrapper\">\n\t\t\t\t\t\t\t\t\t<span class=\"elementor-button-text\">QUESTIONS<\/span>\n\t\t\t\t\t<\/span>\n\t\t\t\t\t<\/a>\n\t\t\t\t<\/div>\n\t\t\t\t\t\t\t\t<\/div>\n\t\t\t\t<\/div>\n\t\t\t\t<div class=\"elementor-element elementor-element-e19280f elementor-widget elementor-widget-heading\" data-id=\"e19280f\" data-element_type=\"widget\" data-e-type=\"widget\" data-settings=\"{&quot;ekit_we_effect_on&quot;:&quot;none&quot;}\" data-widget_type=\"heading.default\">\n\t\t\t\t<div class=\"elementor-widget-container\">\n\t\t\t\t\t<h2 class=\"elementor-heading-title elementor-size-default\">Odpowiedzi Na Najcz\u0119\u015bciej <br>Zadawane Pytania<\/h2>\t\t\t\t<\/div>\n\t\t\t\t<\/div>\n\t\t\t\t<div class=\"elementor-element elementor-element-76278b6 elementor-widget elementor-widget-ucaddon_uc_icon_accordion\" data-id=\"76278b6\" data-element_type=\"widget\" data-e-type=\"widget\" data-settings=\"{&quot;ekit_we_effect_on&quot;:&quot;none&quot;}\" data-widget_type=\"ucaddon_uc_icon_accordion.default\">\n\t\t\t\t<div class=\"elementor-widget-container\">\n\t\t\t\t\t\n<!-- start Icon Accordion -->\n\t\t<link id='font-awesome-css' href='https:\/\/projektwitryny.pl\/three\/wp-content\/plugins\/unlimited-elements-for-elementor-premium\/assets_libraries\/font-awesome6\/fontawesome-all.min.css' type='text\/css' rel='stylesheet' >\n\t\t<link id='font-awesome-4-shim-css' href='https:\/\/projektwitryny.pl\/three\/wp-content\/plugins\/unlimited-elements-for-elementor-premium\/assets_libraries\/font-awesome6\/fontawesome-v4-shims.min.css' type='text\/css' rel='stylesheet' >\n\n<style>\/* widget: Icon Accordion *\/\n\n#uc_uc_icon_accordion_elementor_76278b6 *{\n\tbox-sizing: border-box;\n}\n\n#uc_uc_icon_accordion_elementor_76278b6 .uc_container .uc-heading{\n\tcursor:pointer;\n    display:flex;\n    align-items:center;\n    transition:0.3s;\n}\n\n#uc_uc_icon_accordion_elementor_76278b6 .uc_container .uc-heading span.bbb{\n\tdisplay:block;\t  \n}\n\n#uc_uc_icon_accordion_elementor_76278b6 .uc_ac_box.uc-item-active span.uc_dactive{\n\tdisplay:none;\n}\n\n#uc_uc_icon_accordion_elementor_76278b6 .uc_ac_box:not(.uc-item-active) span.uc_active{\n\tdisplay:none;\n}\n\n#uc_uc_icon_accordion_elementor_76278b6 .ue_icon_holder,\n#uc_uc_icon_accordion_elementor_76278b6 .ue_icon_spacing{\n  flex-grow:0;\n  flex-shrink:0; \n}\n\n#uc_uc_icon_accordion_elementor_76278b6 .uc_content{\n\tdisplay: none;\n}\n\n#uc_uc_icon_accordion_elementor_76278b6 .ue_icon{\n  display:flex;\n  justify-content:center;\n  align-items:center;\n  line-height:1em;\n  transition:0.3s;\n}\n\n#uc_uc_icon_accordion_elementor_76278b6 .ue_icon svg{\n  height:1em;\n  width:1em;\n}\n\n#uc_uc_icon_accordion_elementor_76278b6 .ue_expand_inside{\n  display:flex;\n  justify-content:center;\n  align-items:center;\n  line-height:1em;\n}\n\n#uc_uc_icon_accordion_elementor_76278b6 .ue_expand_inside svg{\n  height:1em;\n  width:1em;\n}\n\n#uc_uc_icon_accordion_elementor_76278b6 .ue_expand,\n#uc_uc_icon_accordion_elementor_76278b6 .ue_expand_spacing{\n  flex-grow:0;\n  flex-shrink:0;\n}\n\n#uc_uc_icon_accordion_elementor_76278b6 .ue_title{\n  flex-grow:1;\n}\n\n#uc_uc_icon_accordion_elementor_76278b6 .uc_ac_box:last-child{\n  margin-bottom:0px;\n}\n\n#uc_uc_icon_accordion_elementor_76278b6 .uc_ac_box{\n  overflow:hidden;\n}\n#uc_uc_icon_accordion_elementor_76278b6_item1 .ue_icon{\n  background-color:;\n}\n\n#uc_uc_icon_accordion_elementor_76278b6_item1 .uc-heading{\n  background-color:;\n}\n#uc_uc_icon_accordion_elementor_76278b6_item2 .ue_icon{\n  background-color:;\n}\n\n#uc_uc_icon_accordion_elementor_76278b6_item2 .uc-heading{\n  background-color:;\n}\n#uc_uc_icon_accordion_elementor_76278b6_item3 .ue_icon{\n  background-color:;\n}\n\n#uc_uc_icon_accordion_elementor_76278b6_item3 .uc-heading{\n  background-color:;\n}\n#uc_uc_icon_accordion_elementor_76278b6_item4 .ue_icon{\n  background-color:;\n}\n\n#uc_uc_icon_accordion_elementor_76278b6_item4 .uc-heading{\n  background-color:;\n}\n#uc_uc_icon_accordion_elementor_76278b6_item5 .ue_icon{\n  background-color:;\n}\n\n#uc_uc_icon_accordion_elementor_76278b6_item5 .uc-heading{\n  background-color:;\n}\n\n\n<\/style>\n\n<div class=\"uc_material_accordion \" id=\"uc_uc_icon_accordion_elementor_76278b6\" data-name=\"\" data-closeothers=\"true\"  data-scrolltohead=\"off\">\n  <div class=\"uc_container\">\n    \n\n<div id=\"uc_uc_icon_accordion_elementor_76278b6_item1\" class=\"uc_ac_box  elementor-repeater-item-4d77aab\">\n  <div class=\"uc-heading uc_trigger\" role=\"button\" aria-controls=\"uc_uc_icon_accordion_elementor_76278b6_item1-content\" tabindex=\"0\" aria-expanded=\"false\">\n    \n          <div class=\"ue_icon_holder\">\n        <div class=\"ue_icon\"><i class='icon icon-design'><\/i><\/div>\n      <\/div>\n      <div class=\"ue_icon_spacing\"><\/div>\n        \n    <div id=\"uc_uc_icon_accordion_elementor_76278b6_item1-title\" class=\"ue_title\">Czym r\u00f3\u017cni si\u0119 szablon Premium od zwyk\u0142ego szablonu?<\/div>    \n    \n          <div class=\"ue_expand_spacing\"><\/div>\n      <div class=\"ue_expand\">\n        <div class=\"ue_expand_inside\">\n          <span class=\"uc_dactive bbb ue_accordion_icon\" ><i class='icon icon-download-arrow'><\/i><\/span>\n          <span class=\"uc_active bbb ue_accordion_icon\"><i class='icon icon-up-arrow'><\/i><\/span>\n        <\/div>\n      <\/div>\n        \n  <\/div>\n  \n  <div id=\"uc_uc_icon_accordion_elementor_76278b6_item1-content\" class=\"uc_content\" role=\"region\" aria-labelledby=\"uc_uc_icon_accordion_elementor_76278b6_item1-title\" >\n          <p>Szablon Premium to dopracowana, autorska baza projektowa z lepszym UX, estetyk\u0105 i optymalizacj\u0105. Nie jest to gotowiec \u201ejak u wszystkich\u201d, tylko rozwi\u0105zanie personalizowane pod Twoj\u0105 firm\u0119.<\/p>\n     \n    \n     \n    \n  <\/div>\n<\/div>\n\n\n<div id=\"uc_uc_icon_accordion_elementor_76278b6_item2\" class=\"uc_ac_box  elementor-repeater-item-cca6dd8\">\n  <div class=\"uc-heading uc_trigger\" role=\"button\" aria-controls=\"uc_uc_icon_accordion_elementor_76278b6_item2-content\" tabindex=\"0\" aria-expanded=\"false\">\n    \n          <div class=\"ue_icon_holder\">\n        <div class=\"ue_icon\"><i class='icon icon-laptop-phone'><\/i><\/div>\n      <\/div>\n      <div class=\"ue_icon_spacing\"><\/div>\n        \n    <div id=\"uc_uc_icon_accordion_elementor_76278b6_item2-title\" class=\"ue_title\">Czy szablon Premium jest dopasowany do mojej bran\u017cy?<\/div>    \n    \n          <div class=\"ue_expand_spacing\"><\/div>\n      <div class=\"ue_expand\">\n        <div class=\"ue_expand_inside\">\n          <span class=\"uc_dactive bbb ue_accordion_icon\" ><i class='icon icon-download-arrow'><\/i><\/span>\n          <span class=\"uc_active bbb ue_accordion_icon\"><i class='icon icon-up-arrow'><\/i><\/span>\n        <\/div>\n      <\/div>\n        \n  <\/div>\n  \n  <div id=\"uc_uc_icon_accordion_elementor_76278b6_item2-content\" class=\"uc_content\" role=\"region\" aria-labelledby=\"uc_uc_icon_accordion_elementor_76278b6_item2-title\" >\n          <p>Tak. Dobieramy uk\u0142ad, sekcje i styl wizualny pod konkretn\u0105 bran\u017c\u0119 \u2013 inaczej wygl\u0105da strona us\u0142ugowa, inaczej lokalny biznes, a jeszcze inaczej firma B2B.<\/p>\n     \n    \n     \n    \n  <\/div>\n<\/div>\n\n\n<div id=\"uc_uc_icon_accordion_elementor_76278b6_item3\" class=\"uc_ac_box  elementor-repeater-item-e55e52c\">\n  <div class=\"uc-heading uc_trigger\" role=\"button\" aria-controls=\"uc_uc_icon_accordion_elementor_76278b6_item3-content\" tabindex=\"0\" aria-expanded=\"false\">\n    \n          <div class=\"ue_icon_holder\">\n        <div class=\"ue_icon\"><i class='icon icon-select'><\/i><\/div>\n      <\/div>\n      <div class=\"ue_icon_spacing\"><\/div>\n        \n    <div id=\"uc_uc_icon_accordion_elementor_76278b6_item3-title\" class=\"ue_title\">Czy mog\u0119 p\u00f3\u017aniej samodzielnie edytowa\u0107 stron\u0119?<\/div>    \n    \n          <div class=\"ue_expand_spacing\"><\/div>\n      <div class=\"ue_expand\">\n        <div class=\"ue_expand_inside\">\n          <span class=\"uc_dactive bbb ue_accordion_icon\" ><i class='icon icon-download-arrow'><\/i><\/span>\n          <span class=\"uc_active bbb ue_accordion_icon\"><i class='icon icon-up-arrow'><\/i><\/span>\n        <\/div>\n      <\/div>\n        \n  <\/div>\n  \n  <div id=\"uc_uc_icon_accordion_elementor_76278b6_item3-content\" class=\"uc_content\" role=\"region\" aria-labelledby=\"uc_uc_icon_accordion_elementor_76278b6_item3-title\" >\n          <p>Oczywi\u015bcie. Strona dzia\u0142a na WordPressie i Elementorze, wi\u0119c bez problemu edytujesz tre\u015bci, zdj\u0119cia czy sekcje bez znajomo\u015bci kodu.<\/p>\n     \n    \n     \n    \n  <\/div>\n<\/div>\n\n\n<div id=\"uc_uc_icon_accordion_elementor_76278b6_item4\" class=\"uc_ac_box  elementor-repeater-item-e7cf25d\">\n  <div class=\"uc-heading uc_trigger\" role=\"button\" aria-controls=\"uc_uc_icon_accordion_elementor_76278b6_item4-content\" tabindex=\"0\" aria-expanded=\"false\">\n    \n          <div class=\"ue_icon_holder\">\n        <div class=\"ue_icon\"><i class='icon icon-rocket'><\/i><\/div>\n      <\/div>\n      <div class=\"ue_icon_spacing\"><\/div>\n        \n    <div id=\"uc_uc_icon_accordion_elementor_76278b6_item4-title\" class=\"ue_title\">Czy strona na szablonie Premium jest przyjazna SEO?<\/div>    \n    \n          <div class=\"ue_expand_spacing\"><\/div>\n      <div class=\"ue_expand\">\n        <div class=\"ue_expand_inside\">\n          <span class=\"uc_dactive bbb ue_accordion_icon\" ><i class='icon icon-download-arrow'><\/i><\/span>\n          <span class=\"uc_active bbb ue_accordion_icon\"><i class='icon icon-up-arrow'><\/i><\/span>\n        <\/div>\n      <\/div>\n        \n  <\/div>\n  \n  <div id=\"uc_uc_icon_accordion_elementor_76278b6_item4-content\" class=\"uc_content\" role=\"region\" aria-labelledby=\"uc_uc_icon_accordion_elementor_76278b6_item4-title\" >\n          <p>Tak. Szablony s\u0105 przygotowane zgodnie z dobrymi praktykami SEO: szybkie \u0142adowanie, responsywno\u015b\u0107, poprawna struktura nag\u0142\u00f3wk\u00f3w i mo\u017cliwo\u015b\u0107 dalszej rozbudowy pod pozycjonowanie.<\/p>\n     \n    \n     \n    \n  <\/div>\n<\/div>\n\n\n<div id=\"uc_uc_icon_accordion_elementor_76278b6_item5\" class=\"uc_ac_box  elementor-repeater-item-97291a1\">\n  <div class=\"uc-heading uc_trigger\" role=\"button\" aria-controls=\"uc_uc_icon_accordion_elementor_76278b6_item5-content\" tabindex=\"0\" aria-expanded=\"false\">\n    \n          <div class=\"ue_icon_holder\">\n        <div class=\"ue_icon\"><i class='icon icon-clock-1'><\/i><\/div>\n      <\/div>\n      <div class=\"ue_icon_spacing\"><\/div>\n        \n    <div id=\"uc_uc_icon_accordion_elementor_76278b6_item5-title\" class=\"ue_title\">Ile czasu trwa realizacja strony na szablonie Premium?<\/div>    \n    \n          <div class=\"ue_expand_spacing\"><\/div>\n      <div class=\"ue_expand\">\n        <div class=\"ue_expand_inside\">\n          <span class=\"uc_dactive bbb ue_accordion_icon\" ><i class='icon icon-download-arrow'><\/i><\/span>\n          <span class=\"uc_active bbb ue_accordion_icon\"><i class='icon icon-up-arrow'><\/i><\/span>\n        <\/div>\n      <\/div>\n        \n  <\/div>\n  \n  <div id=\"uc_uc_icon_accordion_elementor_76278b6_item5-content\" class=\"uc_content\" role=\"region\" aria-labelledby=\"uc_uc_icon_accordion_elementor_76278b6_item5-title\" >\n          <p>\u015arednio od kilkunastu do oko\u0142o 21 dni roboczych \u2013 w zale\u017cno\u015bci od zakresu personalizacji i ilo\u015bci tre\u015bci. To szybkie wdro\u017cenie bez kompromis\u00f3w jako\u015bciowych.<\/p>\n     \n    \n     \n    \n  <\/div>\n<\/div>\n\n  <\/div>\n<\/div>\n<!-- end Icon Accordion -->\t\t\t\t<\/div>\n\t\t\t\t<\/div>\n\t\t\t\t\t<\/div>\n\t\t<\/div>\n\t\t\t\t\t<\/div>\n\t\t<\/section>\n\t\t\t\t\t<\/div>\n\t\t<\/div>\n\t\t\t\t\t<\/div>\n\t\t<\/section>\n\t\t\t\t<\/div>\n\t\t","protected":false},"excerpt":{"rendered":"<p>Home QUESTIONS Odpowiedzi Na Najcz\u0119\u015bciej Zadawane Pytania Czym r\u00f3\u017cni si\u0119 szablon Premium od zwyk\u0142ego szablonu? Szablon Premium to dopracowana, autorska baza projektowa z lepszym UX, estetyk\u0105 i optymalizacj\u0105. Nie jest to gotowiec \u201ejak u wszystkich\u201d, tylko rozwi\u0105zanie personalizowane pod Twoj\u0105 firm\u0119. Czy szablon Premium jest dopasowany do mojej bran\u017cy? Tak. Dobieramy uk\u0142ad, sekcje i styl [&hellip;]<\/p>\n","protected":false},"author":1,"featured_media":0,"parent":0,"menu_order":0,"comment_status":"closed","ping_status":"closed","template":"elementor_header_footer","meta":{"inline_featured_image":false,"footnotes":""},"class_list":["post-1677","page","type-page","status-publish","hentry"],"_links":{"self":[{"href":"https:\/\/projektwitryny.pl\/three\/wp-json\/wp\/v2\/pages\/1677","targetHints":{"allow":["GET"]}}],"collection":[{"href":"https:\/\/projektwitryny.pl\/three\/wp-json\/wp\/v2\/pages"}],"about":[{"href":"https:\/\/projektwitryny.pl\/three\/wp-json\/wp\/v2\/types\/page"}],"author":[{"embeddable":true,"href":"https:\/\/projektwitryny.pl\/three\/wp-json\/wp\/v2\/users\/1"}],"replies":[{"embeddable":true,"href":"https:\/\/projektwitryny.pl\/three\/wp-json\/wp\/v2\/comments?post=1677"}],"version-history":[{"count":22,"href":"https:\/\/projektwitryny.pl\/three\/wp-json\/wp\/v2\/pages\/1677\/revisions"}],"predecessor-version":[{"id":2367,"href":"https:\/\/projektwitryny.pl\/three\/wp-json\/wp\/v2\/pages\/1677\/revisions\/2367"}],"wp:attachment":[{"href":"https:\/\/projektwitryny.pl\/three\/wp-json\/wp\/v2\/media?parent=1677"}],"curies":[{"name":"wp","href":"https:\/\/api.w.org\/{rel}","templated":true}]}}